{"id":1945,"date":"2021-10-24T12:58:16","date_gmt":"2021-10-24T12:58:16","guid":{"rendered":"https:\/\/lunatr.com\/android-ios\/"},"modified":"2025-01-29T13:47:32","modified_gmt":"2025-01-29T10:47:32","slug":"android-ios","status":"publish","type":"page","link":"https:\/\/lunatr.com\/en\/android-ios\/","title":{"rendered":"Android &amp; IOS"},"content":{"rendered":"\t\t<div data-elementor-type=\"wp-page\" data-elementor-id=\"1945\" class=\"elementor elementor-1945 elementor-1394\" data-elementor-post-type=\"page\">\n\t\t\t\t\t\t<section class=\"elementor-section elementor-top-section elementor-element elementor-element-40ca089 elementor-section-height-min-height elementor-section-items-bottom elementor-section-content-middle elementor-section-boxed elementor-section-height-default\" data-id=\"40ca089\" data-element_type=\"section\" data-settings=\"{&quot;background_background&quot;:&quot;classic&quot;,&quot;shape_divider_bottom&quot;:&quot;curve&quot;,&quot;shape_divider_bottom_negative&quot;:&quot;yes&quot;}\">\n\t\t\t\t\t<div class=\"elementor-shape elementor-shape-bottom\" data-negative=\"true\">\n\t\t\t<svg xmlns=\"http:\/\/www.w3.org\/2000\/svg\" viewBox=\"0 0 1000 100\" preserveAspectRatio=\"none\">\n\t<path class=\"elementor-shape-fill\" d=\"M500,97C126.7,96.3,0.8,19.8,0,0v100l1000,0V1C1000,19.4,873.3,97.8,500,97z\"\/>\n<\/svg>\t\t<\/div>\n\t\t\t\t\t<div class=\"elementor-container elementor-column-gap-default\">\n\t\t\t\t\t<div class=\"elementor-column elementor-col-100 elementor-top-column elementor-element elementor-element-ffa59e0\" data-id=\"ffa59e0\" data-element_type=\"column\">\n\t\t\t<div class=\"elementor-widget-wrap elementor-element-populated\">\n\t\t\t\t\t\t<div class=\"elementor-element elementor-element-4f7185b elementor-widget elementor-widget-heading\" data-id=\"4f7185b\" data-element_type=\"widget\" data-widget_type=\"heading.default\">\n\t\t\t\t<div class=\"elementor-widget-container\">\n\t\t\t\t\t<h1 class=\"elementor-heading-title elementor-size-default\">PRODUCTS<\/h1>\t\t\t\t<\/div>\n\t\t\t\t<\/div>\n\t\t\t\t\t<\/div>\n\t\t<\/div>\n\t\t\t\t\t<\/div>\n\t\t<\/section>\n\t\t\t\t<section class=\"elementor-section elementor-top-section elementor-element elementor-element-0be1095 elementor-section-boxed elementor-section-height-default elementor-section-height-default\" data-id=\"0be1095\" data-element_type=\"section\" data-settings=\"{&quot;background_background&quot;:&quot;classic&quot;}\">\n\t\t\t\t\t\t<div class=\"elementor-container elementor-column-gap-default\">\n\t\t\t\t\t<div class=\"elementor-column elementor-col-50 elementor-top-column elementor-element elementor-element-491b8fe\" data-id=\"491b8fe\" data-element_type=\"column\">\n\t\t\t<div class=\"elementor-widget-wrap elementor-element-populated\">\n\t\t\t\t\t\t<div class=\"elementor-element elementor-element-c912e43 elementor-widget elementor-widget-accordion\" data-id=\"c912e43\" data-element_type=\"widget\" data-widget_type=\"accordion.default\">\n\t\t\t\t<div class=\"elementor-widget-container\">\n\t\t\t\t\t\t\t<div class=\"elementor-accordion\">\n\t\t\t\t\t\t\t<div class=\"elementor-accordion-item\">\n\t\t\t\t\t<div id=\"elementor-tab-title-2101\" class=\"elementor-tab-title\" data-tab=\"1\" role=\"button\" aria-controls=\"elementor-tab-content-2101\" aria-expanded=\"false\">\n\t\t\t\t\t\t\t\t\t\t\t\t\t<span class=\"elementor-accordion-icon elementor-accordion-icon-right\" aria-hidden=\"true\">\n\t\t\t\t\t\t\t\t\t\t\t\t\t\t\t<span class=\"elementor-accordion-icon-closed\"><i class=\"icon icon-chevron-down\"><\/i><\/span>\n\t\t\t\t\t\t\t\t<span class=\"elementor-accordion-icon-opened\"><i class=\"icon icon-chevron-up\"><\/i><\/span>\n\t\t\t\t\t\t\t\t\t\t\t\t\t\t<\/span>\n\t\t\t\t\t\t\t\t\t\t\t\t<a class=\"elementor-accordion-title\" tabindex=\"0\">Electricity Meters<\/a>\n\t\t\t\t\t<\/div>\n\t\t\t\t\t<div id=\"elementor-tab-content-2101\" class=\"elementor-tab-content elementor-clearfix\" data-tab=\"1\" role=\"region\" aria-labelledby=\"elementor-tab-title-2101\"><div class=\"menu-urun_menu_1-ingilizce-container\"><ul id=\"menu-urun_menu_1-ingilizce\" class=\"menu\"><li id=\"menu-item-2329\" class=\"menu-item menu-item-type-taxonomy menu-item-object-product_cat menu-item-2329\"><a href=\"https:\/\/lunatr.com\/en\/urun-kategori\/basic-en\/\">Basic<\/a><\/li>\n<li id=\"menu-item-2330\" class=\"menu-item menu-item-type-taxonomy menu-item-object-product_cat menu-item-2330\"><a href=\"https:\/\/lunatr.com\/en\/urun-kategori\/smart-en\/\">Smart<\/a><\/li>\n<\/ul><\/div><\/div>\n\t\t\t\t<\/div>\n\t\t\t\t\t\t\t<div class=\"elementor-accordion-item\">\n\t\t\t\t\t<div id=\"elementor-tab-title-2102\" class=\"elementor-tab-title\" data-tab=\"2\" role=\"button\" aria-controls=\"elementor-tab-content-2102\" aria-expanded=\"false\">\n\t\t\t\t\t\t\t\t\t\t\t\t\t<span class=\"elementor-accordion-icon elementor-accordion-icon-right\" aria-hidden=\"true\">\n\t\t\t\t\t\t\t\t\t\t\t\t\t\t\t<span class=\"elementor-accordion-icon-closed\"><i class=\"icon icon-chevron-down\"><\/i><\/span>\n\t\t\t\t\t\t\t\t<span class=\"elementor-accordion-icon-opened\"><i class=\"icon icon-chevron-up\"><\/i><\/span>\n\t\t\t\t\t\t\t\t\t\t\t\t\t\t<\/span>\n\t\t\t\t\t\t\t\t\t\t\t\t<a class=\"elementor-accordion-title\" tabindex=\"0\">Water Meters<\/a>\n\t\t\t\t\t<\/div>\n\t\t\t\t\t<div id=\"elementor-tab-content-2102\" class=\"elementor-tab-content elementor-clearfix\" data-tab=\"2\" role=\"region\" aria-labelledby=\"elementor-tab-title-2102\"><div class=\"menu-urun_menu_4-ingilizce-container\"><ul id=\"menu-urun_menu_4-ingilizce\" class=\"menu\"><li id=\"menu-item-2340\" class=\"menu-item menu-item-type-taxonomy menu-item-object-product_cat menu-item-2340\"><a href=\"https:\/\/lunatr.com\/en\/urun-kategori\/cold-water-meters\/\">Cold Water Meters<\/a><\/li>\n<li id=\"menu-item-2341\" class=\"menu-item menu-item-type-taxonomy menu-item-object-product_cat menu-item-2341\"><a href=\"https:\/\/lunatr.com\/en\/urun-kategori\/hot-water-meters\/\">Hot Water Meters<\/a><\/li>\n<li id=\"menu-item-2342\" class=\"menu-item menu-item-type-taxonomy menu-item-object-product_cat menu-item-2342\"><a href=\"https:\/\/lunatr.com\/en\/urun-kategori\/prepaid-water-meters\/\">Prepaid Water Meters<\/a><\/li>\n<li id=\"menu-item-2343\" class=\"menu-item menu-item-type-taxonomy menu-item-object-product_cat menu-item-2343\"><a href=\"https:\/\/lunatr.com\/en\/urun-kategori\/heat-meters\/\">Heat Meters<\/a><\/li>\n<li id=\"menu-item-2344\" class=\"menu-item menu-item-type-taxonomy menu-item-object-product_cat menu-item-2344\"><a href=\"https:\/\/lunatr.com\/en\/urun-kategori\/woltman-water-meters\/\">Woltman Water Meters<\/a><\/li>\n<\/ul><\/div><\/div>\n\t\t\t\t<\/div>\n\t\t\t\t\t\t\t<div class=\"elementor-accordion-item\">\n\t\t\t\t\t<div id=\"elementor-tab-title-2103\" class=\"elementor-tab-title\" data-tab=\"3\" role=\"button\" aria-controls=\"elementor-tab-content-2103\" aria-expanded=\"false\">\n\t\t\t\t\t\t\t\t\t\t\t\t\t<span class=\"elementor-accordion-icon elementor-accordion-icon-right\" aria-hidden=\"true\">\n\t\t\t\t\t\t\t\t\t\t\t\t\t\t\t<span class=\"elementor-accordion-icon-closed\"><i class=\"icon icon-chevron-down\"><\/i><\/span>\n\t\t\t\t\t\t\t\t<span class=\"elementor-accordion-icon-opened\"><i class=\"icon icon-chevron-up\"><\/i><\/span>\n\t\t\t\t\t\t\t\t\t\t\t\t\t\t<\/span>\n\t\t\t\t\t\t\t\t\t\t\t\t<a class=\"elementor-accordion-title\" tabindex=\"0\">Communication Units<\/a>\n\t\t\t\t\t<\/div>\n\t\t\t\t\t<div id=\"elementor-tab-content-2103\" class=\"elementor-tab-content elementor-clearfix\" data-tab=\"3\" role=\"region\" aria-labelledby=\"elementor-tab-title-2103\"><div class=\"menu-urun_menu_2-ingilizce-container\"><ul id=\"menu-urun_menu_2-ingilizce\" class=\"menu\"><li id=\"menu-item-2331\" class=\"menu-item menu-item-type-taxonomy menu-item-object-product_cat menu-item-2331\"><a href=\"https:\/\/lunatr.com\/en\/urun-kategori\/dc-en\/\">DC<\/a><\/li>\n<li id=\"menu-item-2332\" class=\"menu-item menu-item-type-taxonomy menu-item-object-product_cat menu-item-2332\"><a href=\"https:\/\/lunatr.com\/en\/urun-kategori\/modem-en\/\">Modem<\/a><\/li>\n<li id=\"menu-item-2333\" class=\"menu-item menu-item-type-taxonomy menu-item-object-product_cat menu-item-2333\"><a href=\"https:\/\/lunatr.com\/en\/urun-kategori\/ethernet-gateway\/\">Ethernet Gateway<\/a><\/li>\n<li id=\"menu-item-2334\" class=\"menu-item menu-item-type-taxonomy menu-item-object-product_cat menu-item-2334\"><a href=\"https:\/\/lunatr.com\/en\/urun-kategori\/optical-reader\/\">Optical Reader<\/a><\/li>\n<li id=\"menu-item-2335\" class=\"menu-item menu-item-type-taxonomy menu-item-object-product_cat menu-item-2335\"><a href=\"https:\/\/lunatr.com\/en\/urun-kategori\/rf-gateway\/\">RF Gateway<\/a><\/li>\n<\/ul><\/div><\/div>\n\t\t\t\t<\/div>\n\t\t\t\t\t\t\t<div class=\"elementor-accordion-item\">\n\t\t\t\t\t<div id=\"elementor-tab-title-2104\" class=\"elementor-tab-title\" data-tab=\"4\" role=\"button\" aria-controls=\"elementor-tab-content-2104\" aria-expanded=\"false\">\n\t\t\t\t\t\t\t\t\t\t\t\t\t<span class=\"elementor-accordion-icon elementor-accordion-icon-right\" aria-hidden=\"true\">\n\t\t\t\t\t\t\t\t\t\t\t\t\t\t\t<span class=\"elementor-accordion-icon-closed\"><i class=\"icon icon-chevron-down\"><\/i><\/span>\n\t\t\t\t\t\t\t\t<span class=\"elementor-accordion-icon-opened\"><i class=\"icon icon-chevron-up\"><\/i><\/span>\n\t\t\t\t\t\t\t\t\t\t\t\t\t\t<\/span>\n\t\t\t\t\t\t\t\t\t\t\t\t<a class=\"elementor-accordion-title\" tabindex=\"0\">Software<\/a>\n\t\t\t\t\t<\/div>\n\t\t\t\t\t<div id=\"elementor-tab-content-2104\" class=\"elementor-tab-content elementor-clearfix\" data-tab=\"4\" role=\"region\" aria-labelledby=\"elementor-tab-title-2104\"><div class=\"menu-urun_menu_3-ingilizce-container\"><ul id=\"menu-urun_menu_3-ingilizce\" class=\"menu\"><li id=\"menu-item-2336\" class=\"menu-item menu-item-type-taxonomy menu-item-object-product_cat menu-item-has-children menu-item-2336\"><a href=\"https:\/\/lunatr.com\/en\/urun-kategori\/mobile\/\">Mobile<\/a>\n<ul class=\"sub-menu\">\n\t<li id=\"menu-item-2337\" class=\"menu-item menu-item-type-post_type menu-item-object-page menu-item-2337\"><a href=\"https:\/\/lunatr.com\/en\/android-ios\/\">Android &amp; IOS<\/a><\/li>\n<\/ul>\n<\/li>\n<li id=\"menu-item-2338\" class=\"menu-item menu-item-type-taxonomy menu-item-object-product_cat menu-item-2338\"><a href=\"https:\/\/lunatr.com\/en\/urun-kategori\/computer\/\">Computer<\/a><\/li>\n<li id=\"menu-item-2339\" class=\"menu-item menu-item-type-taxonomy menu-item-object-product_cat menu-item-2339\"><a href=\"https:\/\/lunatr.com\/en\/urun-kategori\/headend-system-en\/\">Headend System<\/a><\/li>\n<\/ul><\/div><\/div>\n\t\t\t\t<\/div>\n\t\t\t\t\t\t\t\t<\/div>\n\t\t\t\t\t\t<\/div>\n\t\t\t\t<\/div>\n\t\t\t\t\t<\/div>\n\t\t<\/div>\n\t\t\t\t<div class=\"elementor-column elementor-col-50 elementor-top-column elementor-element elementor-element-3b1a53f\" data-id=\"3b1a53f\" data-element_type=\"column\">\n\t\t\t<div class=\"elementor-widget-wrap elementor-element-populated\">\n\t\t\t\t\t\t<div class=\"elementor-element elementor-element-c5c8132 elementor-widget elementor-widget-text-editor\" data-id=\"c5c8132\" data-element_type=\"widget\" data-widget_type=\"text-editor.default\">\n\t\t\t\t<div class=\"elementor-widget-container\">\n\t\t\t\t\t\t\t\t\t<table style=\"font-weight: 400\" width=\"100%\"><tbody><tr><td width=\"236\"><span style=\"color: #000000\"><strong>PROJE ADI<\/strong><\/span><\/td><td width=\"555\"><span style=\"color: #000000\"><strong>GOOGLE LINK<\/strong><\/span><\/td><td width=\"392\"><strong><span style=\"color: #000000\">IOS LINK<\/span><\/strong><\/td><\/tr><tr><td width=\"236\">De Haryor<\/td><td width=\"555\"><span style=\"color: #156196\"><a style=\"color: #156196\" href=\"https:\/\/play.google.com\/store\/apps\/details?id=com.lunatr.de_haryor&amp;hl=tr&amp;gl=US\" data-saferedirecturl=\"https:\/\/www.google.com\/url?q=https:\/\/play.google.com\/store\/apps\/details?id%3Dcom.lunatr.de_haryor%26hl%3Dtr%26gl%3DUS&amp;source=gmail&amp;ust=1635156981373000&amp;usg=AFQjCNFZ3Qem3Zy3jILhBLvZLlGnA4XW2A\">https:\/\/play.google.com\/store\/apps\/details?id=com.lunatr.de_haryor&amp;hl=tr&amp;gl=US<\/a><\/span><\/td><td width=\"392\"><span style=\"color: #156196\"><a style=\"color: #156196\" href=\"https:\/\/apps.apple.com\/ng\/app\/de-haryor\/id1550555018\" data-saferedirecturl=\"https:\/\/www.google.com\/url?q=https:\/\/apps.apple.com\/ng\/app\/de-haryor\/id1550555018&amp;source=gmail&amp;ust=1635156981373000&amp;usg=AFQjCNGK1oPlZ6gmN6fvkl-XSR9ZE8j-1w\">https:\/\/apps.apple.com\/ng\/app\/de-haryor\/id1550555018<\/a><\/span><\/td><\/tr><tr><td width=\"236\"><span style=\"color: #156196\">Smart Meter<\/span><\/td><td width=\"555\"><span style=\"color: #156196\"><a style=\"color: #156196\" href=\"https:\/\/play.google.com\/store\/apps\/details?id=com.luna.smart_meter&amp;hl=tr&amp;gl=US\" data-saferedirecturl=\"https:\/\/www.google.com\/url?q=https:\/\/play.google.com\/store\/apps\/details?id%3Dcom.luna.smart_meter%26hl%3Dtr%26gl%3DUS&amp;source=gmail&amp;ust=1635156981373000&amp;usg=AFQjCNGeaAXAIaNsgKcgTkAJOcXK9i-g2Q\">https:\/\/play.google.com\/store\/apps\/details?id=com.luna.smart_meter&amp;hl=tr&amp;gl=US<\/a><\/span><\/td><td width=\"392\"><span style=\"color: #156196\"><a style=\"color: #156196\" href=\"https:\/\/apps.apple.com\/ng\/app\/smart-meter\/id1541336551\" data-saferedirecturl=\"https:\/\/www.google.com\/url?q=https:\/\/apps.apple.com\/ng\/app\/smart-meter\/id1541336551&amp;source=gmail&amp;ust=1635156981373000&amp;usg=AFQjCNEXVmho0n8lZQgxBNZlTnfTPRIzKw\">https:\/\/apps.apple.com\/ng\/app\/smart-meter\/id1541336551<\/a><\/span><\/td><\/tr><tr><td width=\"236\">Luna Saha Y\u00f6netimi(Erken Eri\u015fim)<\/td><td width=\"555\"><span style=\"color: #156196\"><a style=\"color: #156196\" href=\"https:\/\/play.google.com\/store\/apps\/details?id=com.eda.LunaSahaYonetimi\" data-saferedirecturl=\"https:\/\/www.google.com\/url?q=https:\/\/play.google.com\/store\/apps\/details?id%3Dcom.eda.LunaSahaYonetimi&amp;source=gmail&amp;ust=1635156981373000&amp;usg=AFQjCNFN-Jh4Uj7absDp2byZH2nzolJCmQ\">https:\/\/play.google.com\/store\/apps\/details?id=com.eda.LunaSahaYonetimi<\/a><\/span><\/td><td width=\"392\">\u00a0<\/td><\/tr><tr><td width=\"236\">LKM<\/td><td width=\"555\"><span style=\"color: #156196\"><a style=\"color: #156196\" href=\"https:\/\/play.google.com\/store\/apps\/details?id=lunatr.lkm\" data-saferedirecturl=\"https:\/\/www.google.com\/url?q=https:\/\/play.google.com\/store\/apps\/details?id%3Dlunatr.lkm&amp;source=gmail&amp;ust=1635156981373000&amp;usg=AFQjCNHZOYEKbIv3qwi39zrZgn1EKsucwg\">https:\/\/play.google.com\/store\/apps\/details?id=lunatr.lkm<\/a><\/span><\/td><td width=\"392\">\u00a0<\/td><\/tr><tr><td width=\"236\">Luna AMR<\/td><td width=\"555\">\u00a0<\/td><td width=\"392\"><span style=\"color: #156196\"><a style=\"color: #156196\" href=\"https:\/\/apps.apple.com\/ng\/app\/luna-amr\/id1517355478\" data-saferedirecturl=\"https:\/\/www.google.com\/url?q=https:\/\/apps.apple.com\/ng\/app\/luna-amr\/id1517355478&amp;source=gmail&amp;ust=1635156981373000&amp;usg=AFQjCNFSx3WPp118gvvLhXNsXlCuDvviWw\">https:\/\/apps.apple.com\/ng\/app\/luna-amr\/id1517355478<\/a><\/span><\/td><\/tr><\/tbody><\/table>\t\t\t\t\t\t\t\t<\/div>\n\t\t\t\t<\/div>\n\t\t\t\t\t<\/div>\n\t\t<\/div>\n\t\t\t\t\t<\/div>\n\t\t<\/section>\n\t\t\t\t<\/div>\n\t\t","protected":false},"excerpt":{"rendered":"<p>PRODUCTS Electricity Meters Basic Smart Water Meters Cold Water Meters Hot Water Meters Prepaid Water Meters Heat Meters Woltman Water Meters Communication Units DC Modem Ethernet Gateway Optical Reader RF Gateway Software Mobile Android &amp; IOS Computer Headend System PROJE ADI GOOGLE LINK IOS LINK De Haryor https:\/\/play.google.com\/store\/apps\/details?id=com.lunatr.de_haryor&amp;hl=tr&amp;gl=US https:\/\/apps.apple.com\/ng\/app\/de-haryor\/id1550555018 Smart Meter https:\/\/play.google.com\/store\/apps\/details?id=com.luna.smart_meter&amp;hl=tr&amp;gl=US https:\/\/apps.apple.com\/ng\/app\/smart-meter\/id1541336551 Luna Saha [&hellip;]<\/p>\n","protected":false},"author":1,"featured_media":0,"parent":0,"menu_order":1,"comment_status":"closed","ping_status":"closed","template":"","meta":{"footnotes":""},"class_list":["post-1945","page","type-page","status-publish","hentry"],"yoast_head":"<!-- This site is optimized with the Yoast SEO plugin v25.3.1 - https:\/\/yoast.com\/wordpress\/plugins\/seo\/ -->\n<title>Android &amp; IOS - LUNA<\/title>\n<meta name=\"robots\" content=\"index, follow, max-snippet:-1, max-image-preview:large, max-video-preview:-1\" \/>\n<link rel=\"canonical\" href=\"https:\/\/lunatr.com\/en\/android-ios\/\" \/>\n<meta property=\"og:locale\" content=\"en_US\" \/>\n<meta property=\"og:type\" content=\"article\" \/>\n<meta property=\"og:title\" content=\"Android &amp; IOS - LUNA\" \/>\n<meta property=\"og:description\" content=\"PRODUCTS Electricity Meters Basic Smart Water Meters Cold Water Meters Hot Water Meters Prepaid Water Meters Heat Meters Woltman Water Meters Communication Units DC Modem Ethernet Gateway Optical Reader RF Gateway Software Mobile Android &amp; IOS Computer Headend System PROJE ADI GOOGLE LINK IOS LINK De Haryor https:\/\/play.google.com\/store\/apps\/details?id=com.lunatr.de_haryor&amp;hl=tr&amp;gl=US https:\/\/apps.apple.com\/ng\/app\/de-haryor\/id1550555018 Smart Meter https:\/\/play.google.com\/store\/apps\/details?id=com.luna.smart_meter&amp;hl=tr&amp;gl=US https:\/\/apps.apple.com\/ng\/app\/smart-meter\/id1541336551 Luna Saha [&hellip;]\" \/>\n<meta property=\"og:url\" content=\"https:\/\/lunatr.com\/en\/android-ios\/\" \/>\n<meta property=\"og:site_name\" content=\"LUNA\" \/>\n<meta property=\"article:modified_time\" content=\"2025-01-29T10:47:32+00:00\" \/>\n<meta name=\"twitter:card\" content=\"summary_large_image\" \/>\n<meta name=\"twitter:label1\" content=\"Est. reading time\" \/>\n\t<meta name=\"twitter:data1\" content=\"1 minute\" \/>\n<script type=\"application\/ld+json\" class=\"yoast-schema-graph\">{\"@context\":\"https:\/\/schema.org\",\"@graph\":[{\"@type\":\"WebPage\",\"@id\":\"https:\/\/lunatr.com\/en\/android-ios\/\",\"url\":\"https:\/\/lunatr.com\/en\/android-ios\/\",\"name\":\"Android &amp; IOS - LUNA\",\"isPartOf\":{\"@id\":\"https:\/\/lunatr.com\/#website\"},\"datePublished\":\"2021-10-24T12:58:16+00:00\",\"dateModified\":\"2025-01-29T10:47:32+00:00\",\"breadcrumb\":{\"@id\":\"https:\/\/lunatr.com\/en\/android-ios\/#breadcrumb\"},\"inLanguage\":\"en-US\",\"potentialAction\":[{\"@type\":\"ReadAction\",\"target\":[\"https:\/\/lunatr.com\/en\/android-ios\/\"]}]},{\"@type\":\"BreadcrumbList\",\"@id\":\"https:\/\/lunatr.com\/en\/android-ios\/#breadcrumb\",\"itemListElement\":[{\"@type\":\"ListItem\",\"position\":1,\"name\":\"Home\",\"item\":\"https:\/\/lunatr.com\/en\/\"},{\"@type\":\"ListItem\",\"position\":2,\"name\":\"Android &amp; IOS\"}]},{\"@type\":\"WebSite\",\"@id\":\"https:\/\/lunatr.com\/#website\",\"url\":\"https:\/\/lunatr.com\/\",\"name\":\"LUNA\",\"description\":\"Ak\u0131ll\u0131 Su ve Elektrik Saya\u00e7lar\u0131\",\"publisher\":{\"@id\":\"https:\/\/lunatr.com\/#organization\"},\"potentialAction\":[{\"@type\":\"SearchAction\",\"target\":{\"@type\":\"EntryPoint\",\"urlTemplate\":\"https:\/\/lunatr.com\/?s={search_term_string}\"},\"query-input\":{\"@type\":\"PropertyValueSpecification\",\"valueRequired\":true,\"valueName\":\"search_term_string\"}}],\"inLanguage\":\"en-US\"},{\"@type\":\"Organization\",\"@id\":\"https:\/\/lunatr.com\/#organization\",\"name\":\"LUNA\",\"url\":\"https:\/\/lunatr.com\/\",\"logo\":{\"@type\":\"ImageObject\",\"inLanguage\":\"en-US\",\"@id\":\"https:\/\/lunatr.com\/#\/schema\/logo\/image\/\",\"url\":\"http:\/\/lunatr.com\/wp-content\/uploads\/2025\/06\/luna-landis-logo-512.png\",\"contentUrl\":\"http:\/\/lunatr.com\/wp-content\/uploads\/2025\/06\/luna-landis-logo-512.png\",\"width\":512,\"height\":512,\"caption\":\"LUNA\"},\"image\":{\"@id\":\"https:\/\/lunatr.com\/#\/schema\/logo\/image\/\"}}]}<\/script>\n<!-- \/ Yoast SEO plugin. -->","yoast_head_json":{"title":"Android &amp; IOS - LUNA","robots":{"index":"index","follow":"follow","max-snippet":"max-snippet:-1","max-image-preview":"max-image-preview:large","max-video-preview":"max-video-preview:-1"},"canonical":"https:\/\/lunatr.com\/en\/android-ios\/","og_locale":"en_US","og_type":"article","og_title":"Android &amp; IOS - LUNA","og_description":"PRODUCTS Electricity Meters Basic Smart Water Meters Cold Water Meters Hot Water Meters Prepaid Water Meters Heat Meters Woltman Water Meters Communication Units DC Modem Ethernet Gateway Optical Reader RF Gateway Software Mobile Android &amp; IOS Computer Headend System PROJE ADI GOOGLE LINK IOS LINK De Haryor https:\/\/play.google.com\/store\/apps\/details?id=com.lunatr.de_haryor&amp;hl=tr&amp;gl=US https:\/\/apps.apple.com\/ng\/app\/de-haryor\/id1550555018 Smart Meter https:\/\/play.google.com\/store\/apps\/details?id=com.luna.smart_meter&amp;hl=tr&amp;gl=US https:\/\/apps.apple.com\/ng\/app\/smart-meter\/id1541336551 Luna Saha [&hellip;]","og_url":"https:\/\/lunatr.com\/en\/android-ios\/","og_site_name":"LUNA","article_modified_time":"2025-01-29T10:47:32+00:00","twitter_card":"summary_large_image","twitter_misc":{"Est. reading time":"1 minute"},"schema":{"@context":"https:\/\/schema.org","@graph":[{"@type":"WebPage","@id":"https:\/\/lunatr.com\/en\/android-ios\/","url":"https:\/\/lunatr.com\/en\/android-ios\/","name":"Android &amp; IOS - LUNA","isPartOf":{"@id":"https:\/\/lunatr.com\/#website"},"datePublished":"2021-10-24T12:58:16+00:00","dateModified":"2025-01-29T10:47:32+00:00","breadcrumb":{"@id":"https:\/\/lunatr.com\/en\/android-ios\/#breadcrumb"},"inLanguage":"en-US","potentialAction":[{"@type":"ReadAction","target":["https:\/\/lunatr.com\/en\/android-ios\/"]}]},{"@type":"BreadcrumbList","@id":"https:\/\/lunatr.com\/en\/android-ios\/#breadcrumb","itemListElement":[{"@type":"ListItem","position":1,"name":"Home","item":"https:\/\/lunatr.com\/en\/"},{"@type":"ListItem","position":2,"name":"Android &amp; IOS"}]},{"@type":"WebSite","@id":"https:\/\/lunatr.com\/#website","url":"https:\/\/lunatr.com\/","name":"LUNA","description":"Ak\u0131ll\u0131 Su ve Elektrik Saya\u00e7lar\u0131","publisher":{"@id":"https:\/\/lunatr.com\/#organization"},"potentialAction":[{"@type":"SearchAction","target":{"@type":"EntryPoint","urlTemplate":"https:\/\/lunatr.com\/?s={search_term_string}"},"query-input":{"@type":"PropertyValueSpecification","valueRequired":true,"valueName":"search_term_string"}}],"inLanguage":"en-US"},{"@type":"Organization","@id":"https:\/\/lunatr.com\/#organization","name":"LUNA","url":"https:\/\/lunatr.com\/","logo":{"@type":"ImageObject","inLanguage":"en-US","@id":"https:\/\/lunatr.com\/#\/schema\/logo\/image\/","url":"http:\/\/lunatr.com\/wp-content\/uploads\/2025\/06\/luna-landis-logo-512.png","contentUrl":"http:\/\/lunatr.com\/wp-content\/uploads\/2025\/06\/luna-landis-logo-512.png","width":512,"height":512,"caption":"LUNA"},"image":{"@id":"https:\/\/lunatr.com\/#\/schema\/logo\/image\/"}}]}},"_links":{"self":[{"href":"https:\/\/lunatr.com\/en\/wp-json\/wp\/v2\/pages\/1945","targetHints":{"allow":["GET"]}}],"collection":[{"href":"https:\/\/lunatr.com\/en\/wp-json\/wp\/v2\/pages"}],"about":[{"href":"https:\/\/lunatr.com\/en\/wp-json\/wp\/v2\/types\/page"}],"author":[{"embeddable":true,"href":"https:\/\/lunatr.com\/en\/wp-json\/wp\/v2\/users\/1"}],"replies":[{"embeddable":true,"href":"https:\/\/lunatr.com\/en\/wp-json\/wp\/v2\/comments?post=1945"}],"version-history":[{"count":16,"href":"https:\/\/lunatr.com\/en\/wp-json\/wp\/v2\/pages\/1945\/revisions"}],"predecessor-version":[{"id":3100,"href":"https:\/\/lunatr.com\/en\/wp-json\/wp\/v2\/pages\/1945\/revisions\/3100"}],"wp:attachment":[{"href":"https:\/\/lunatr.com\/en\/wp-json\/wp\/v2\/media?parent=1945"}],"curies":[{"name":"wp","href":"https:\/\/api.w.org\/{rel}","templated":true}]}}