{"id":1948,"date":"2021-09-24T13:42:54","date_gmt":"2021-09-24T13:42:54","guid":{"rendered":"https:\/\/lunatr.com\/insan-kaynaklari-uygulamalarimiz\/"},"modified":"2022-01-06T13:40:16","modified_gmt":"2022-01-06T13:40:16","slug":"our-human-resources-practices","status":"publish","type":"page","link":"https:\/\/lunatr.com\/en\/our-human-resources-practices\/","title":{"rendered":"Our Human Resources Practices"},"content":{"rendered":"\t\t<div data-elementor-type=\"wp-page\" data-elementor-id=\"1948\" class=\"elementor elementor-1948 elementor-1134\" data-elementor-post-type=\"page\">\n\t\t\t\t\t\t<section class=\"elementor-section elementor-top-section elementor-element elementor-element-e6f7f8f elementor-section-height-min-height elementor-section-items-bottom elementor-section-content-middle elementor-section-boxed elementor-section-height-default\" data-id=\"e6f7f8f\" data-element_type=\"section\" data-settings=\"{&quot;background_background&quot;:&quot;classic&quot;,&quot;shape_divider_bottom&quot;:&quot;curve&quot;,&quot;shape_divider_bottom_negative&quot;:&quot;yes&quot;}\">\n\t\t\t\t\t<div class=\"elementor-shape elementor-shape-bottom\" data-negative=\"true\">\n\t\t\t<svg xmlns=\"http:\/\/www.w3.org\/2000\/svg\" viewBox=\"0 0 1000 100\" preserveAspectRatio=\"none\">\n\t<path class=\"elementor-shape-fill\" d=\"M500,97C126.7,96.3,0.8,19.8,0,0v100l1000,0V1C1000,19.4,873.3,97.8,500,97z\"\/>\n<\/svg>\t\t<\/div>\n\t\t\t\t\t<div class=\"elementor-container elementor-column-gap-default\">\n\t\t\t\t\t<div class=\"elementor-column elementor-col-100 elementor-top-column elementor-element elementor-element-7f9ef51\" data-id=\"7f9ef51\" data-element_type=\"column\">\n\t\t\t<div class=\"elementor-widget-wrap elementor-element-populated\">\n\t\t\t\t\t\t<div class=\"elementor-element elementor-element-1630789 elementor-widget elementor-widget-heading\" data-id=\"1630789\" data-element_type=\"widget\" data-widget_type=\"heading.default\">\n\t\t\t\t<div class=\"elementor-widget-container\">\n\t\t\t\t\t<h1 class=\"elementor-heading-title elementor-size-default\">Our Human Resources Practices<\/h1>\t\t\t\t<\/div>\n\t\t\t\t<\/div>\n\t\t\t\t\t<\/div>\n\t\t<\/div>\n\t\t\t\t\t<\/div>\n\t\t<\/section>\n\t\t\t\t<section class=\"elementor-section elementor-top-section elementor-element elementor-element-3d5554c elementor-section-boxed elementor-section-height-default elementor-section-height-default\" data-id=\"3d5554c\" data-element_type=\"section\" data-settings=\"{&quot;background_background&quot;:&quot;classic&quot;}\">\n\t\t\t\t\t\t<div class=\"elementor-container elementor-column-gap-default\">\n\t\t\t\t\t<div class=\"elementor-column elementor-col-100 elementor-top-column elementor-element elementor-element-3442c0b\" data-id=\"3442c0b\" data-element_type=\"column\">\n\t\t\t<div class=\"elementor-widget-wrap elementor-element-populated\">\n\t\t\t\t\t\t<div class=\"elementor-element elementor-element-1c2d329 elementor-widget elementor-widget-heading\" data-id=\"1c2d329\" data-element_type=\"widget\" data-widget_type=\"heading.default\">\n\t\t\t\t<div class=\"elementor-widget-container\">\n\t\t\t\t\t<h5 class=\"elementor-heading-title elementor-size-default\">Recruitment Process<\/h5>\t\t\t\t<\/div>\n\t\t\t\t<\/div>\n\t\t\t\t<div class=\"elementor-element elementor-element-0ef12eb elementor-widget elementor-widget-text-editor\" data-id=\"0ef12eb\" data-element_type=\"widget\" data-widget_type=\"text-editor.default\">\n\t\t\t\t<div class=\"elementor-widget-container\">\n\t\t\t\t\t\t\t\t\t<p>The main purpose of the Luna A.\u015e recruitment process is to recruit people who are in line with our Human Resources Policy, have the personal\/professional knowledge and competencies required by the vacant positions, and are open to teamwork and self-development.<\/p><p>Applications made in line with the qualifications required by the required positions are evaluated. The evaluation process differs according to the positions. As a result of the interviews, evaluations and reference researches made by the Human Resources Department and the relevant unit managers, candidates whose all processes are positive are returned with a job offer letter.<\/p>\t\t\t\t\t\t\t\t<\/div>\n\t\t\t\t<\/div>\n\t\t\t\t<section class=\"elementor-section elementor-inner-section elementor-element elementor-element-28d05d4 elementor-section-content-middle elementor-section-boxed elementor-section-height-default elementor-section-height-default\" data-id=\"28d05d4\" data-element_type=\"section\">\n\t\t\t\t\t\t<div class=\"elementor-container elementor-column-gap-default\">\n\t\t\t\t\t<div class=\"elementor-column elementor-col-50 elementor-inner-column elementor-element elementor-element-2c7913d\" data-id=\"2c7913d\" data-element_type=\"column\">\n\t\t\t<div class=\"elementor-widget-wrap elementor-element-populated\">\n\t\t\t\t\t\t<div class=\"elementor-element elementor-element-5a05927 elementor-widget elementor-widget-image\" data-id=\"5a05927\" data-element_type=\"widget\" data-widget_type=\"image.default\">\n\t\t\t\t<div class=\"elementor-widget-container\">\n\t\t\t\t\t\t\t\t\t\t\t\t\t\t\t<img fetchpriority=\"high\" decoding=\"async\" width=\"570\" height=\"480\" src=\"https:\/\/lunatr.com\/wp-content\/uploads\/2021\/10\/ik-uygulalarimiz-photo-web.jpg\" class=\"attachment-full size-full wp-image-1219\" alt=\"\" srcset=\"https:\/\/lunatr.com\/wp-content\/uploads\/2021\/10\/ik-uygulalarimiz-photo-web.jpg 570w, https:\/\/lunatr.com\/wp-content\/uploads\/2021\/10\/ik-uygulalarimiz-photo-web-300x253.jpg 300w\" sizes=\"(max-width: 570px) 100vw, 570px\" \/>\t\t\t\t\t\t\t\t\t\t\t\t\t\t\t<\/div>\n\t\t\t\t<\/div>\n\t\t\t\t\t<\/div>\n\t\t<\/div>\n\t\t\t\t<div class=\"elementor-column elementor-col-50 elementor-inner-column elementor-element elementor-element-8591c4c\" data-id=\"8591c4c\" data-element_type=\"column\">\n\t\t\t<div class=\"elementor-widget-wrap elementor-element-populated\">\n\t\t\t\t\t\t<div class=\"elementor-element elementor-element-decbaee elementor-widget elementor-widget-text-editor\" data-id=\"decbaee\" data-element_type=\"widget\" data-widget_type=\"text-editor.default\">\n\t\t\t\t<div class=\"elementor-widget-container\">\n\t\t\t\t\t\t\t\t\t<h5><span style=\"color: #156196;\"><b>Training and Development<\/b><\/span><\/h5><p><span style=\"font-weight: 400;\">We focus on supporting the development of our employees throughout their business life and revealing and developing their creativity so that they can fulfill their duties more effectively and be successful in changing business conditions every day.\u00a0<\/span><\/p><p><span style=\"font-weight: 400;\">We see continuity in professional development as a great power that will carry our company to the future, and we work to provide our employees with the knowledge, skills and competencies they will need through training activities.<\/span><\/p><p>\u00a0<\/p><h5><span style=\"color: #156196;\"><b>Orientation<\/b><\/span><\/h5><p><span style=\"font-weight: 400;\">The &#8220;Orientation Program&#8221;, which is implemented in order to facilitate the adaptation of our employee, whose training process has started at Luna A.\u015e. to the job and the company, and to adopt the corporate culture and values \u200b\u200bas soon as possible, begins.\u00a0\u00a0<\/span><\/p><p><span style=\"font-weight: 400;\">The aim is to introduce Luna values \u200b\u200bto our new personnel during the orientation process, to make them trust the company, their colleagues and managers, and to gain work motivation.<\/span><\/p>\t\t\t\t\t\t\t\t<\/div>\n\t\t\t\t<\/div>\n\t\t\t\t\t<\/div>\n\t\t<\/div>\n\t\t\t\t\t<\/div>\n\t\t<\/section>\n\t\t\t\t<div class=\"elementor-element elementor-element-b9540c3 elementor-widget elementor-widget-text-editor\" data-id=\"b9540c3\" data-element_type=\"widget\" data-widget_type=\"text-editor.default\">\n\t\t\t\t<div class=\"elementor-widget-container\">\n\t\t\t\t\t\t\t\t\t<h5><span style=\"color: #156196;\"><b>Professional Development and English Education Support<\/b><\/span><\/h5><p><span style=\"font-weight: 400;\">All trainings are planned in a way that will contribute to the professional development of the individual and support the career plan, taking into account the requirements of the job and the competencies of the employee. Our employees who want to do master&#8217;s and doctorate in order to specialize in their fields are given leave according to their business plans.<\/span><\/p><p><span style=\"font-weight: 400;\">Our company provides financial support to its employees who want to attend professional development courses \/ certificate programs or English courses within the scope of the &#8220;Job Description&#8221;, if they comply with the attendance and success criteria.\u00a0\u00a0<\/span><\/p><p>\u00a0<\/p><h5><span style=\"color: #156196;\"><b>Internship Opportunities<\/b><\/span><\/h5><p><span style=\"font-weight: 400;\">Within the body of Luna A.\u015e, internship opportunities are provided to vocational and technical high school students who continue their education together with university and college students.<\/span><\/p><p><span style=\"font-weight: 400;\">The applications are evaluated by the managers of the departments where the recruitment will be made, taking into account our needs and capacity.<\/span><\/p><p><span style=\"font-weight: 400;\">Every student who wants to do an internship in our company can fill the Application Form by personally applying to the Luna Human Resources Department or send their CV to ik@luna.tr.com for their applications.<\/span><\/p>\t\t\t\t\t\t\t\t<\/div>\n\t\t\t\t<\/div>\n\t\t\t\t\t<\/div>\n\t\t<\/div>\n\t\t\t\t\t<\/div>\n\t\t<\/section>\n\t\t\t\t<\/div>\n\t\t","protected":false},"excerpt":{"rendered":"<p>Recruitment Process The main purpose of the Luna A.\u015e recruitment process is to recruit people who are in line with our Human Resources Policy, have the personal\/professional knowledge and competencies required by the vacant positions, and are open to teamwork and self-development. Applications made in line with the qualifications required by the required positions are [&hellip;]<\/p>\n","protected":false},"author":1,"featured_media":0,"parent":0,"menu_order":4,"comment_status":"closed","ping_status":"closed","template":"","meta":{"footnotes":""},"class_list":["post-1948","page","type-page","status-publish","hentry"],"yoast_head":"<!-- This site is optimized with the Yoast SEO plugin v25.3.1 - https:\/\/yoast.com\/wordpress\/plugins\/seo\/ -->\n<title>Our Human Resources Practices - LUNA<\/title>\n<meta name=\"robots\" content=\"index, follow, max-snippet:-1, max-image-preview:large, max-video-preview:-1\" \/>\n<link rel=\"canonical\" href=\"https:\/\/lunatr.com\/en\/our-human-resources-practices\/\" \/>\n<meta property=\"og:locale\" content=\"en_US\" \/>\n<meta property=\"og:type\" content=\"article\" \/>\n<meta property=\"og:title\" content=\"Our Human Resources Practices - LUNA\" \/>\n<meta property=\"og:description\" content=\"Recruitment Process The main purpose of the Luna A.\u015e recruitment process is to recruit people who are in line with our Human Resources Policy, have the personal\/professional knowledge and competencies required by the vacant positions, and are open to teamwork and self-development. Applications made in line with the qualifications required by the required positions are [&hellip;]\" \/>\n<meta property=\"og:url\" content=\"https:\/\/lunatr.com\/en\/our-human-resources-practices\/\" \/>\n<meta property=\"og:site_name\" content=\"LUNA\" \/>\n<meta property=\"article:modified_time\" content=\"2022-01-06T13:40:16+00:00\" \/>\n<meta property=\"og:image\" content=\"http:\/\/lunatr.com\/wp-content\/uploads\/2021\/10\/ik-uygulalarimiz-photo-web.jpg\" \/>\n<meta name=\"twitter:card\" content=\"summary_large_image\" \/>\n<meta name=\"twitter:label1\" content=\"Est. reading time\" \/>\n\t<meta name=\"twitter:data1\" content=\"2 minutes\" \/>\n<script type=\"application\/ld+json\" class=\"yoast-schema-graph\">{\"@context\":\"https:\/\/schema.org\",\"@graph\":[{\"@type\":\"WebPage\",\"@id\":\"https:\/\/lunatr.com\/en\/our-human-resources-practices\/\",\"url\":\"https:\/\/lunatr.com\/en\/our-human-resources-practices\/\",\"name\":\"Our Human Resources Practices - LUNA\",\"isPartOf\":{\"@id\":\"https:\/\/lunatr.com\/#website\"},\"primaryImageOfPage\":{\"@id\":\"https:\/\/lunatr.com\/en\/our-human-resources-practices\/#primaryimage\"},\"image\":{\"@id\":\"https:\/\/lunatr.com\/en\/our-human-resources-practices\/#primaryimage\"},\"thumbnailUrl\":\"http:\/\/lunatr.com\/wp-content\/uploads\/2021\/10\/ik-uygulalarimiz-photo-web.jpg\",\"datePublished\":\"2021-09-24T13:42:54+00:00\",\"dateModified\":\"2022-01-06T13:40:16+00:00\",\"breadcrumb\":{\"@id\":\"https:\/\/lunatr.com\/en\/our-human-resources-practices\/#breadcrumb\"},\"inLanguage\":\"en-US\",\"potentialAction\":[{\"@type\":\"ReadAction\",\"target\":[\"https:\/\/lunatr.com\/en\/our-human-resources-practices\/\"]}]},{\"@type\":\"ImageObject\",\"inLanguage\":\"en-US\",\"@id\":\"https:\/\/lunatr.com\/en\/our-human-resources-practices\/#primaryimage\",\"url\":\"http:\/\/lunatr.com\/wp-content\/uploads\/2021\/10\/ik-uygulalarimiz-photo-web.jpg\",\"contentUrl\":\"http:\/\/lunatr.com\/wp-content\/uploads\/2021\/10\/ik-uygulalarimiz-photo-web.jpg\"},{\"@type\":\"BreadcrumbList\",\"@id\":\"https:\/\/lunatr.com\/en\/our-human-resources-practices\/#breadcrumb\",\"itemListElement\":[{\"@type\":\"ListItem\",\"position\":1,\"name\":\"Home\",\"item\":\"https:\/\/lunatr.com\/en\/\"},{\"@type\":\"ListItem\",\"position\":2,\"name\":\"Our Human Resources Practices\"}]},{\"@type\":\"WebSite\",\"@id\":\"https:\/\/lunatr.com\/#website\",\"url\":\"https:\/\/lunatr.com\/\",\"name\":\"LUNA\",\"description\":\"Ak\u0131ll\u0131 Su ve Elektrik Saya\u00e7lar\u0131\",\"publisher\":{\"@id\":\"https:\/\/lunatr.com\/#organization\"},\"potentialAction\":[{\"@type\":\"SearchAction\",\"target\":{\"@type\":\"EntryPoint\",\"urlTemplate\":\"https:\/\/lunatr.com\/?s={search_term_string}\"},\"query-input\":{\"@type\":\"PropertyValueSpecification\",\"valueRequired\":true,\"valueName\":\"search_term_string\"}}],\"inLanguage\":\"en-US\"},{\"@type\":\"Organization\",\"@id\":\"https:\/\/lunatr.com\/#organization\",\"name\":\"LUNA\",\"url\":\"https:\/\/lunatr.com\/\",\"logo\":{\"@type\":\"ImageObject\",\"inLanguage\":\"en-US\",\"@id\":\"https:\/\/lunatr.com\/#\/schema\/logo\/image\/\",\"url\":\"http:\/\/lunatr.com\/wp-content\/uploads\/2025\/06\/luna-landis-logo-512.png\",\"contentUrl\":\"http:\/\/lunatr.com\/wp-content\/uploads\/2025\/06\/luna-landis-logo-512.png\",\"width\":512,\"height\":512,\"caption\":\"LUNA\"},\"image\":{\"@id\":\"https:\/\/lunatr.com\/#\/schema\/logo\/image\/\"}}]}<\/script>\n<!-- \/ Yoast SEO plugin. -->","yoast_head_json":{"title":"Our Human Resources Practices - LUNA","robots":{"index":"index","follow":"follow","max-snippet":"max-snippet:-1","max-image-preview":"max-image-preview:large","max-video-preview":"max-video-preview:-1"},"canonical":"https:\/\/lunatr.com\/en\/our-human-resources-practices\/","og_locale":"en_US","og_type":"article","og_title":"Our Human Resources Practices - LUNA","og_description":"Recruitment Process The main purpose of the Luna A.\u015e recruitment process is to recruit people who are in line with our Human Resources Policy, have the personal\/professional knowledge and competencies required by the vacant positions, and are open to teamwork and self-development. Applications made in line with the qualifications required by the required positions are [&hellip;]","og_url":"https:\/\/lunatr.com\/en\/our-human-resources-practices\/","og_site_name":"LUNA","article_modified_time":"2022-01-06T13:40:16+00:00","og_image":[{"url":"http:\/\/lunatr.com\/wp-content\/uploads\/2021\/10\/ik-uygulalarimiz-photo-web.jpg","type":"","width":"","height":""}],"twitter_card":"summary_large_image","twitter_misc":{"Est. reading time":"2 minutes"},"schema":{"@context":"https:\/\/schema.org","@graph":[{"@type":"WebPage","@id":"https:\/\/lunatr.com\/en\/our-human-resources-practices\/","url":"https:\/\/lunatr.com\/en\/our-human-resources-practices\/","name":"Our Human Resources Practices - LUNA","isPartOf":{"@id":"https:\/\/lunatr.com\/#website"},"primaryImageOfPage":{"@id":"https:\/\/lunatr.com\/en\/our-human-resources-practices\/#primaryimage"},"image":{"@id":"https:\/\/lunatr.com\/en\/our-human-resources-practices\/#primaryimage"},"thumbnailUrl":"http:\/\/lunatr.com\/wp-content\/uploads\/2021\/10\/ik-uygulalarimiz-photo-web.jpg","datePublished":"2021-09-24T13:42:54+00:00","dateModified":"2022-01-06T13:40:16+00:00","breadcrumb":{"@id":"https:\/\/lunatr.com\/en\/our-human-resources-practices\/#breadcrumb"},"inLanguage":"en-US","potentialAction":[{"@type":"ReadAction","target":["https:\/\/lunatr.com\/en\/our-human-resources-practices\/"]}]},{"@type":"ImageObject","inLanguage":"en-US","@id":"https:\/\/lunatr.com\/en\/our-human-resources-practices\/#primaryimage","url":"http:\/\/lunatr.com\/wp-content\/uploads\/2021\/10\/ik-uygulalarimiz-photo-web.jpg","contentUrl":"http:\/\/lunatr.com\/wp-content\/uploads\/2021\/10\/ik-uygulalarimiz-photo-web.jpg"},{"@type":"BreadcrumbList","@id":"https:\/\/lunatr.com\/en\/our-human-resources-practices\/#breadcrumb","itemListElement":[{"@type":"ListItem","position":1,"name":"Home","item":"https:\/\/lunatr.com\/en\/"},{"@type":"ListItem","position":2,"name":"Our Human Resources Practices"}]},{"@type":"WebSite","@id":"https:\/\/lunatr.com\/#website","url":"https:\/\/lunatr.com\/","name":"LUNA","description":"Ak\u0131ll\u0131 Su ve Elektrik Saya\u00e7lar\u0131","publisher":{"@id":"https:\/\/lunatr.com\/#organization"},"potentialAction":[{"@type":"SearchAction","target":{"@type":"EntryPoint","urlTemplate":"https:\/\/lunatr.com\/?s={search_term_string}"},"query-input":{"@type":"PropertyValueSpecification","valueRequired":true,"valueName":"search_term_string"}}],"inLanguage":"en-US"},{"@type":"Organization","@id":"https:\/\/lunatr.com\/#organization","name":"LUNA","url":"https:\/\/lunatr.com\/","logo":{"@type":"ImageObject","inLanguage":"en-US","@id":"https:\/\/lunatr.com\/#\/schema\/logo\/image\/","url":"http:\/\/lunatr.com\/wp-content\/uploads\/2025\/06\/luna-landis-logo-512.png","contentUrl":"http:\/\/lunatr.com\/wp-content\/uploads\/2025\/06\/luna-landis-logo-512.png","width":512,"height":512,"caption":"LUNA"},"image":{"@id":"https:\/\/lunatr.com\/#\/schema\/logo\/image\/"}}]}},"_links":{"self":[{"href":"https:\/\/lunatr.com\/en\/wp-json\/wp\/v2\/pages\/1948","targetHints":{"allow":["GET"]}}],"collection":[{"href":"https:\/\/lunatr.com\/en\/wp-json\/wp\/v2\/pages"}],"about":[{"href":"https:\/\/lunatr.com\/en\/wp-json\/wp\/v2\/types\/page"}],"author":[{"embeddable":true,"href":"https:\/\/lunatr.com\/en\/wp-json\/wp\/v2\/users\/1"}],"replies":[{"embeddable":true,"href":"https:\/\/lunatr.com\/en\/wp-json\/wp\/v2\/comments?post=1948"}],"version-history":[{"count":5,"href":"https:\/\/lunatr.com\/en\/wp-json\/wp\/v2\/pages\/1948\/revisions"}],"predecessor-version":[{"id":2083,"href":"https:\/\/lunatr.com\/en\/wp-json\/wp\/v2\/pages\/1948\/revisions\/2083"}],"wp:attachment":[{"href":"https:\/\/lunatr.com\/en\/wp-json\/wp\/v2\/media?parent=1948"}],"curies":[{"name":"wp","href":"https:\/\/api.w.org\/{rel}","templated":true}]}}