{"id":1950,"date":"2021-09-10T07:01:59","date_gmt":"2021-09-10T07:01:59","guid":{"rendered":"https:\/\/lunatr.com\/bilgi-toplumu-hizmetleri\/"},"modified":"2025-06-30T08:56:39","modified_gmt":"2025-06-30T05:56:39","slug":"information-society-services","status":"publish","type":"page","link":"https:\/\/lunatr.com\/en\/information-society-services\/","title":{"rendered":"Information Society Services"},"content":{"rendered":"\t\t<div data-elementor-type=\"wp-page\" data-elementor-id=\"1950\" class=\"elementor elementor-1950 elementor-642\" data-elementor-post-type=\"page\">\n\t\t\t\t\t\t<section class=\"elementor-section elementor-top-section elementor-element elementor-element-e3e5079 elementor-section-height-min-height elementor-section-items-bottom elementor-section-content-middle elementor-section-boxed elementor-section-height-default\" data-id=\"e3e5079\" data-element_type=\"section\" data-settings=\"{&quot;background_background&quot;:&quot;classic&quot;,&quot;shape_divider_bottom&quot;:&quot;curve&quot;,&quot;shape_divider_bottom_negative&quot;:&quot;yes&quot;}\">\n\t\t\t\t\t<div class=\"elementor-shape elementor-shape-bottom\" data-negative=\"true\">\n\t\t\t<svg xmlns=\"http:\/\/www.w3.org\/2000\/svg\" viewBox=\"0 0 1000 100\" preserveAspectRatio=\"none\">\n\t<path class=\"elementor-shape-fill\" d=\"M500,97C126.7,96.3,0.8,19.8,0,0v100l1000,0V1C1000,19.4,873.3,97.8,500,97z\"\/>\n<\/svg>\t\t<\/div>\n\t\t\t\t\t<div class=\"elementor-container elementor-column-gap-default\">\n\t\t\t\t\t<div class=\"elementor-column elementor-col-100 elementor-top-column elementor-element elementor-element-3879434\" data-id=\"3879434\" data-element_type=\"column\">\n\t\t\t<div class=\"elementor-widget-wrap elementor-element-populated\">\n\t\t\t\t\t\t<div class=\"elementor-element elementor-element-2552989 elementor-widget elementor-widget-heading\" data-id=\"2552989\" data-element_type=\"widget\" data-widget_type=\"heading.default\">\n\t\t\t\t<div class=\"elementor-widget-container\">\n\t\t\t\t\t<h1 class=\"elementor-heading-title elementor-size-default\">Information Society Services<\/h1>\t\t\t\t<\/div>\n\t\t\t\t<\/div>\n\t\t\t\t\t<\/div>\n\t\t<\/div>\n\t\t\t\t\t<\/div>\n\t\t<\/section>\n\t\t\t\t<section class=\"elementor-section elementor-top-section elementor-element elementor-element-bc35a97 elementor-section-boxed elementor-section-height-default elementor-section-height-default\" data-id=\"bc35a97\" data-element_type=\"section\" data-settings=\"{&quot;background_background&quot;:&quot;classic&quot;}\">\n\t\t\t\t\t\t<div class=\"elementor-container elementor-column-gap-default\">\n\t\t\t\t\t<div class=\"elementor-column elementor-col-100 elementor-top-column elementor-element elementor-element-a9f7df2\" data-id=\"a9f7df2\" data-element_type=\"column\">\n\t\t\t<div class=\"elementor-widget-wrap elementor-element-populated\">\n\t\t\t\t\t\t<div class=\"elementor-element elementor-element-3ca8d99 elementor-widget elementor-widget-heading\" data-id=\"3ca8d99\" data-element_type=\"widget\" data-widget_type=\"heading.default\">\n\t\t\t\t<div class=\"elementor-widget-container\">\n\t\t\t\t\t<span class=\"elementor-heading-title elementor-size-default\">Redirect message 02.11.2021<\/span>\t\t\t\t<\/div>\n\t\t\t\t<\/div>\n\t\t\t\t<section class=\"elementor-section elementor-inner-section elementor-element elementor-element-2980d9d elementor-section-boxed elementor-section-height-default elementor-section-height-default\" data-id=\"2980d9d\" data-element_type=\"section\">\n\t\t\t\t\t\t<div class=\"elementor-container elementor-column-gap-default\">\n\t\t\t\t\t<div class=\"elementor-column elementor-col-100 elementor-inner-column elementor-element elementor-element-1256ba9\" data-id=\"1256ba9\" data-element_type=\"column\">\n\t\t\t<div class=\"elementor-widget-wrap elementor-element-populated\">\n\t\t\t\t\t\t<div class=\"elementor-element elementor-element-016e125 elementor-widget elementor-widget-heading\" data-id=\"016e125\" data-element_type=\"widget\" data-widget_type=\"heading.default\">\n\t\t\t\t<div class=\"elementor-widget-container\">\n\t\t\t\t\t<h5 class=\"elementor-heading-title elementor-size-default\">LUNA ELEKTR\u0130K ELEKTRON\u0130K SANAY\u0130 VE T\u0130CARET A.\u015e.<\/h5>\t\t\t\t<\/div>\n\t\t\t\t<\/div>\n\t\t\t\t<div class=\"elementor-element elementor-element-a2762ea elementor-widget elementor-widget-text-editor\" data-id=\"a2762ea\" data-element_type=\"widget\" data-widget_type=\"text-editor.default\">\n\t\t\t\t<div class=\"elementor-widget-container\">\n\t\t\t\t\t\t\t\t\t<p><b>Company type \u2013 <\/b><span style=\"font-weight: 400;\">Incorporated company<\/span><\/p><p><b>Mersis \u2013 <\/b><span style=\"font-weight: 400;\">0609047239000011<\/span><\/p><p><b>Trade Registry Office \u2013 <\/b><span style=\"font-weight: 400;\">Izmir Trade Registry Office<\/span><\/p><p><b>Trade Registry Number \u2013 <\/b><span style=\"font-weight: 400;\">163765<\/span><\/p><p><b>Trade name \u2013 <\/b><span style=\"font-weight: 400;\">LUNA ELEKTR\u0130K ELEKTRON\u0130K SANAY\u0130 VE T\u0130CARET ANON\u0130M \u015e\u0130RKET\u0130<\/span><\/p><p><b>Address<\/b><\/p><p><span style=\"font-weight: 400;\">Headquarters: 10039 sok No:23 AOSB \u00c7i\u011fli-\u0130zmir<\/span><\/p><p><span style=\"font-weight: 400;\">Luna Smart L: 10014 Sok No:3 AOSB \u00c7i\u011fli-\u0130zmir<\/span><\/p><p>Megapol R&amp;D : HALKAPINAR MAHALLES\u0130 1203\/11 SOKAK NO: 5-7 \u0130\u00c7 KAPI NO: 101 KONAK \/ \u0130ZM\u0130R<\/p><p><span style=\"font-weight: 400;\">Luna Ankara Branch: MUSTAFA KEMAL MAH. 2082 CAD. NO: 54B \u0130\u00c7 KAPI NO: 21 \u00c7ANKAYA \/ ANKARA<\/span><\/p><p><b>Contact information \u2013 <\/b><span style=\"font-weight: 400;\">+90 232 472 15 45<\/span><\/p><p><b>Committed Capital Amount \u2013 <\/b><span style=\"font-weight: 400;\">250.000,00TL<\/span><\/p><p><b>Amount of Paid Capital \u2013 <\/b><span style=\"font-weight: 400;\">250.000,00TL<\/span><\/p><p><b>Registration date \u2013 <\/b><span style=\"font-weight: 400;\">03.04.2013<\/span><\/p><p><b>Tax Administration \u2013 <\/b><span style=\"font-weight: 400;\">\u00c7\u0130\u011eL\u0130 Tax Office<\/span><\/p><p><b>Tax number \u2013 <\/b><span style=\"font-weight: 400;\">6090472390<\/span><\/p><p><b>BOARD OF DIRECTORS \u2013 <\/b><span style=\"font-weight: 400;\">ROBERT ANTHONY<br \/>EVANS<\/span><b>\u00a0\u2013 <\/b><span style=\"font-weight: 400;\">Chairman of the Board<\/span><\/p><p><b>Company representative \u2013 <\/b><span style=\"font-weight: 400;\">Chairman of the Board<\/span><b> \u2013 <\/b><span style=\"font-weight: 400;\">ROBERT ANTHONY EVANS<\/span><\/p><p style=\"font-weight: 400;\">\u00d6MER HAKAN KUTLU<\/p><p style=\"font-weight: 400;\">SEDA KAHYA<\/p><p style=\"font-weight: 400;\">CEM KAPISIZ<\/p><p><b>Auditor \u2013 <\/b>PWC BA\u011eIMSIZ DENET\u0130M VE SERBEST MUHASEBEC\u0130 MAL\u0130 M\u00dc\u015eAV\u0130RL\u0130K A.\u015e<\/p><p><b>Address \u2013 <\/b>K\u0131l\u0131\u00e7ali Pa\u015fa Mah. Meclis-i Mebusan Cad. No:8 \u0130\u00e7 Kap\u0131 No:301 BEYO\u011eLU\u00a0\/\u0130STANBUL<\/p>\t\t\t\t\t\t\t\t<\/div>\n\t\t\t\t<\/div>\n\t\t\t\t\t<\/div>\n\t\t<\/div>\n\t\t\t\t\t<\/div>\n\t\t<\/section>\n\t\t\t\t\t<\/div>\n\t\t<\/div>\n\t\t\t\t\t<\/div>\n\t\t<\/section>\n\t\t\t\t<\/div>\n\t\t","protected":false},"excerpt":{"rendered":"<p>Redirect message 02.11.2021 LUNA ELEKTR\u0130K ELEKTRON\u0130K SANAY\u0130 VE T\u0130CARET A.\u015e. Company type \u2013 Incorporated company Mersis \u2013 0609047239000011 Trade Registry Office \u2013 Izmir Trade Registry Office Trade Registry Number \u2013 163765 Trade name \u2013 LUNA ELEKTR\u0130K ELEKTRON\u0130K SANAY\u0130 VE T\u0130CARET ANON\u0130M \u015e\u0130RKET\u0130 Address Headquarters: 10039 sok No:23 AOSB \u00c7i\u011fli-\u0130zmir Luna Smart L: 10014 Sok No:3 [&hellip;]<\/p>\n","protected":false},"author":1,"featured_media":0,"parent":0,"menu_order":6,"comment_status":"closed","ping_status":"closed","template":"","meta":{"footnotes":""},"class_list":["post-1950","page","type-page","status-publish","hentry"],"yoast_head":"<!-- This site is optimized with the Yoast SEO plugin v25.3.1 - https:\/\/yoast.com\/wordpress\/plugins\/seo\/ -->\n<title>Information Society Services - LUNA<\/title>\n<meta name=\"robots\" content=\"index, follow, max-snippet:-1, max-image-preview:large, max-video-preview:-1\" \/>\n<link rel=\"canonical\" href=\"https:\/\/lunatr.com\/en\/information-society-services\/\" \/>\n<meta property=\"og:locale\" content=\"en_US\" \/>\n<meta property=\"og:type\" content=\"article\" \/>\n<meta property=\"og:title\" content=\"Information Society Services - LUNA\" \/>\n<meta property=\"og:description\" content=\"Redirect message 02.11.2021 LUNA ELEKTR\u0130K ELEKTRON\u0130K SANAY\u0130 VE T\u0130CARET A.\u015e. Company type \u2013 Incorporated company Mersis \u2013 0609047239000011 Trade Registry Office \u2013 Izmir Trade Registry Office Trade Registry Number \u2013 163765 Trade name \u2013 LUNA ELEKTR\u0130K ELEKTRON\u0130K SANAY\u0130 VE T\u0130CARET ANON\u0130M \u015e\u0130RKET\u0130 Address Headquarters: 10039 sok No:23 AOSB \u00c7i\u011fli-\u0130zmir Luna Smart L: 10014 Sok No:3 [&hellip;]\" \/>\n<meta property=\"og:url\" content=\"https:\/\/lunatr.com\/en\/information-society-services\/\" \/>\n<meta property=\"og:site_name\" content=\"LUNA\" \/>\n<meta property=\"article:modified_time\" content=\"2025-06-30T05:56:39+00:00\" \/>\n<meta name=\"twitter:card\" content=\"summary_large_image\" \/>\n<meta name=\"twitter:label1\" content=\"Est. reading time\" \/>\n\t<meta name=\"twitter:data1\" content=\"1 minute\" \/>\n<script type=\"application\/ld+json\" class=\"yoast-schema-graph\">{\"@context\":\"https:\/\/schema.org\",\"@graph\":[{\"@type\":\"WebPage\",\"@id\":\"https:\/\/lunatr.com\/en\/information-society-services\/\",\"url\":\"https:\/\/lunatr.com\/en\/information-society-services\/\",\"name\":\"Information Society Services - LUNA\",\"isPartOf\":{\"@id\":\"https:\/\/lunatr.com\/#website\"},\"datePublished\":\"2021-09-10T07:01:59+00:00\",\"dateModified\":\"2025-06-30T05:56:39+00:00\",\"breadcrumb\":{\"@id\":\"https:\/\/lunatr.com\/en\/information-society-services\/#breadcrumb\"},\"inLanguage\":\"en-US\",\"potentialAction\":[{\"@type\":\"ReadAction\",\"target\":[\"https:\/\/lunatr.com\/en\/information-society-services\/\"]}]},{\"@type\":\"BreadcrumbList\",\"@id\":\"https:\/\/lunatr.com\/en\/information-society-services\/#breadcrumb\",\"itemListElement\":[{\"@type\":\"ListItem\",\"position\":1,\"name\":\"Home\",\"item\":\"https:\/\/lunatr.com\/en\/\"},{\"@type\":\"ListItem\",\"position\":2,\"name\":\"Information Society Services\"}]},{\"@type\":\"WebSite\",\"@id\":\"https:\/\/lunatr.com\/#website\",\"url\":\"https:\/\/lunatr.com\/\",\"name\":\"LUNA\",\"description\":\"Ak\u0131ll\u0131 Su ve Elektrik Saya\u00e7lar\u0131\",\"publisher\":{\"@id\":\"https:\/\/lunatr.com\/#organization\"},\"potentialAction\":[{\"@type\":\"SearchAction\",\"target\":{\"@type\":\"EntryPoint\",\"urlTemplate\":\"https:\/\/lunatr.com\/?s={search_term_string}\"},\"query-input\":{\"@type\":\"PropertyValueSpecification\",\"valueRequired\":true,\"valueName\":\"search_term_string\"}}],\"inLanguage\":\"en-US\"},{\"@type\":\"Organization\",\"@id\":\"https:\/\/lunatr.com\/#organization\",\"name\":\"LUNA\",\"url\":\"https:\/\/lunatr.com\/\",\"logo\":{\"@type\":\"ImageObject\",\"inLanguage\":\"en-US\",\"@id\":\"https:\/\/lunatr.com\/#\/schema\/logo\/image\/\",\"url\":\"http:\/\/lunatr.com\/wp-content\/uploads\/2025\/06\/luna-landis-logo-512.png\",\"contentUrl\":\"http:\/\/lunatr.com\/wp-content\/uploads\/2025\/06\/luna-landis-logo-512.png\",\"width\":512,\"height\":512,\"caption\":\"LUNA\"},\"image\":{\"@id\":\"https:\/\/lunatr.com\/#\/schema\/logo\/image\/\"}}]}<\/script>\n<!-- \/ Yoast SEO plugin. -->","yoast_head_json":{"title":"Information Society Services - LUNA","robots":{"index":"index","follow":"follow","max-snippet":"max-snippet:-1","max-image-preview":"max-image-preview:large","max-video-preview":"max-video-preview:-1"},"canonical":"https:\/\/lunatr.com\/en\/information-society-services\/","og_locale":"en_US","og_type":"article","og_title":"Information Society Services - LUNA","og_description":"Redirect message 02.11.2021 LUNA ELEKTR\u0130K ELEKTRON\u0130K SANAY\u0130 VE T\u0130CARET A.\u015e. Company type \u2013 Incorporated company Mersis \u2013 0609047239000011 Trade Registry Office \u2013 Izmir Trade Registry Office Trade Registry Number \u2013 163765 Trade name \u2013 LUNA ELEKTR\u0130K ELEKTRON\u0130K SANAY\u0130 VE T\u0130CARET ANON\u0130M \u015e\u0130RKET\u0130 Address Headquarters: 10039 sok No:23 AOSB \u00c7i\u011fli-\u0130zmir Luna Smart L: 10014 Sok No:3 [&hellip;]","og_url":"https:\/\/lunatr.com\/en\/information-society-services\/","og_site_name":"LUNA","article_modified_time":"2025-06-30T05:56:39+00:00","twitter_card":"summary_large_image","twitter_misc":{"Est. reading time":"1 minute"},"schema":{"@context":"https:\/\/schema.org","@graph":[{"@type":"WebPage","@id":"https:\/\/lunatr.com\/en\/information-society-services\/","url":"https:\/\/lunatr.com\/en\/information-society-services\/","name":"Information Society Services - LUNA","isPartOf":{"@id":"https:\/\/lunatr.com\/#website"},"datePublished":"2021-09-10T07:01:59+00:00","dateModified":"2025-06-30T05:56:39+00:00","breadcrumb":{"@id":"https:\/\/lunatr.com\/en\/information-society-services\/#breadcrumb"},"inLanguage":"en-US","potentialAction":[{"@type":"ReadAction","target":["https:\/\/lunatr.com\/en\/information-society-services\/"]}]},{"@type":"BreadcrumbList","@id":"https:\/\/lunatr.com\/en\/information-society-services\/#breadcrumb","itemListElement":[{"@type":"ListItem","position":1,"name":"Home","item":"https:\/\/lunatr.com\/en\/"},{"@type":"ListItem","position":2,"name":"Information Society Services"}]},{"@type":"WebSite","@id":"https:\/\/lunatr.com\/#website","url":"https:\/\/lunatr.com\/","name":"LUNA","description":"Ak\u0131ll\u0131 Su ve Elektrik Saya\u00e7lar\u0131","publisher":{"@id":"https:\/\/lunatr.com\/#organization"},"potentialAction":[{"@type":"SearchAction","target":{"@type":"EntryPoint","urlTemplate":"https:\/\/lunatr.com\/?s={search_term_string}"},"query-input":{"@type":"PropertyValueSpecification","valueRequired":true,"valueName":"search_term_string"}}],"inLanguage":"en-US"},{"@type":"Organization","@id":"https:\/\/lunatr.com\/#organization","name":"LUNA","url":"https:\/\/lunatr.com\/","logo":{"@type":"ImageObject","inLanguage":"en-US","@id":"https:\/\/lunatr.com\/#\/schema\/logo\/image\/","url":"http:\/\/lunatr.com\/wp-content\/uploads\/2025\/06\/luna-landis-logo-512.png","contentUrl":"http:\/\/lunatr.com\/wp-content\/uploads\/2025\/06\/luna-landis-logo-512.png","width":512,"height":512,"caption":"LUNA"},"image":{"@id":"https:\/\/lunatr.com\/#\/schema\/logo\/image\/"}}]}},"_links":{"self":[{"href":"https:\/\/lunatr.com\/en\/wp-json\/wp\/v2\/pages\/1950","targetHints":{"allow":["GET"]}}],"collection":[{"href":"https:\/\/lunatr.com\/en\/wp-json\/wp\/v2\/pages"}],"about":[{"href":"https:\/\/lunatr.com\/en\/wp-json\/wp\/v2\/types\/page"}],"author":[{"embeddable":true,"href":"https:\/\/lunatr.com\/en\/wp-json\/wp\/v2\/users\/1"}],"replies":[{"embeddable":true,"href":"https:\/\/lunatr.com\/en\/wp-json\/wp\/v2\/comments?post=1950"}],"version-history":[{"count":8,"href":"https:\/\/lunatr.com\/en\/wp-json\/wp\/v2\/pages\/1950\/revisions"}],"predecessor-version":[{"id":3338,"href":"https:\/\/lunatr.com\/en\/wp-json\/wp\/v2\/pages\/1950\/revisions\/3338"}],"wp:attachment":[{"href":"https:\/\/lunatr.com\/en\/wp-json\/wp\/v2\/media?parent=1950"}],"curies":[{"name":"wp","href":"https:\/\/api.w.org\/{rel}","templated":true}]}}