{"id":1953,"date":"2021-09-07T10:59:54","date_gmt":"2021-09-07T10:59:54","guid":{"rendered":"https:\/\/lunatr.com\/kalite-politikasi\/"},"modified":"2022-01-06T14:01:45","modified_gmt":"2022-01-06T14:01:45","slug":"quality-policy","status":"publish","type":"page","link":"https:\/\/lunatr.com\/en\/quality-policy\/","title":{"rendered":"Quality Policy"},"content":{"rendered":"\t\t<div data-elementor-type=\"wp-page\" data-elementor-id=\"1953\" class=\"elementor elementor-1953 elementor-617\" data-elementor-post-type=\"page\">\n\t\t\t\t\t\t<section class=\"elementor-section elementor-top-section elementor-element elementor-element-401beff2 elementor-section-height-min-height elementor-section-items-bottom elementor-section-content-middle elementor-section-boxed elementor-section-height-default\" data-id=\"401beff2\" data-element_type=\"section\" data-settings=\"{&quot;background_background&quot;:&quot;classic&quot;,&quot;shape_divider_bottom&quot;:&quot;curve&quot;,&quot;shape_divider_bottom_negative&quot;:&quot;yes&quot;}\">\n\t\t\t\t\t<div class=\"elementor-shape elementor-shape-bottom\" data-negative=\"true\">\n\t\t\t<svg xmlns=\"http:\/\/www.w3.org\/2000\/svg\" viewBox=\"0 0 1000 100\" preserveAspectRatio=\"none\">\n\t<path class=\"elementor-shape-fill\" d=\"M500,97C126.7,96.3,0.8,19.8,0,0v100l1000,0V1C1000,19.4,873.3,97.8,500,97z\"\/>\n<\/svg>\t\t<\/div>\n\t\t\t\t\t<div class=\"elementor-container elementor-column-gap-default\">\n\t\t\t\t\t<div class=\"elementor-column elementor-col-100 elementor-top-column elementor-element elementor-element-a27db67\" data-id=\"a27db67\" data-element_type=\"column\">\n\t\t\t<div class=\"elementor-widget-wrap elementor-element-populated\">\n\t\t\t\t\t\t<div class=\"elementor-element elementor-element-899738b elementor-widget elementor-widget-heading\" data-id=\"899738b\" data-element_type=\"widget\" data-widget_type=\"heading.default\">\n\t\t\t\t<div class=\"elementor-widget-container\">\n\t\t\t\t\t<h1 class=\"elementor-heading-title elementor-size-default\">Quality Policy<\/h1>\t\t\t\t<\/div>\n\t\t\t\t<\/div>\n\t\t\t\t\t<\/div>\n\t\t<\/div>\n\t\t\t\t\t<\/div>\n\t\t<\/section>\n\t\t\t\t<section class=\"elementor-section elementor-top-section elementor-element elementor-element-33f6a30c elementor-section-boxed elementor-section-height-default elementor-section-height-default\" data-id=\"33f6a30c\" data-element_type=\"section\" data-settings=\"{&quot;background_background&quot;:&quot;classic&quot;}\">\n\t\t\t\t\t\t<div class=\"elementor-container elementor-column-gap-default\">\n\t\t\t\t\t<div class=\"elementor-column elementor-col-100 elementor-top-column elementor-element elementor-element-587776c6\" data-id=\"587776c6\" data-element_type=\"column\">\n\t\t\t<div class=\"elementor-widget-wrap elementor-element-populated\">\n\t\t\t\t\t\t<div class=\"elementor-element elementor-element-e5a3a9e elementor-widget elementor-widget-text-editor\" data-id=\"e5a3a9e\" data-element_type=\"widget\" data-widget_type=\"text-editor.default\">\n\t\t\t\t<div class=\"elementor-widget-container\">\n\t\t\t\t\t\t\t\t\t<p><span style=\"font-weight: 400;\">Our customers&#8217; needs and to fulfill the full and timely expectations, to prepare the product in line with our target market appropriate products for use under competitive conditions to offer to the market, quality, efficiency and flexibility at the highest reach levels and the costs outlined in our quality policy in order to decrease;<\/span><\/p><ul><li style=\"font-weight: 400;\" aria-level=\"1\"><span style=\"font-weight: 400;\">Meeting customer needs and expectations at the highest level,<\/span><\/li><li style=\"font-weight: 400;\" aria-level=\"1\"><span style=\"font-weight: 400;\">Designing the most suitable products with customer requests and market data, continuous improvement of product quality,<\/span><\/li><li style=\"font-weight: 400;\" aria-level=\"1\"><span style=\"font-weight: 400;\">Raising awareness and training of our company employees,<\/span><\/li><li style=\"font-weight: 400;\" aria-level=\"1\"><span style=\"font-weight: 400;\">Increasing our company profits and making investments that include appropriate technology,<\/span><\/li><li style=\"font-weight: 400;\" aria-level=\"1\"><span style=\"font-weight: 400;\">Increasing the satisfaction level of our employees,<\/span><\/li><li style=\"font-weight: 400;\" aria-level=\"1\"><span style=\"font-weight: 400;\">Continuing and ensuring the continuity of quality improvement studies in a systematic and planned manner with the participation of all personnel,<\/span><\/li><li style=\"font-weight: 400;\" aria-level=\"1\"><span style=\"font-weight: 400;\">The measuring instruments we manufacture and their types meet the legal requirements,<\/span><\/li><li style=\"font-weight: 400;\" aria-level=\"1\"><span style=\"font-weight: 400;\">The measuring instruments we produce meet the type approval and official requirements,<\/span><\/li><\/ul><p><span style=\"font-weight: 400;\">In this context, our aim is to adopt Total Quality Management as a way of life and to fulfill its requirements in order to systematically and regularly provide quality awareness in all fields of activity and service units.\u00a0\u00a0<\/span><\/p><p><span style=\"font-weight: 400;\">Realizing business excellence with Total Quality Management Luna Elektrik Elektronik San. ve Tic A.S. It is our duty as employees.<\/span><\/p>\t\t\t\t\t\t\t\t<\/div>\n\t\t\t\t<\/div>\n\t\t\t\t\t<\/div>\n\t\t<\/div>\n\t\t\t\t\t<\/div>\n\t\t<\/section>\n\t\t\t\t<\/div>\n\t\t","protected":false},"excerpt":{"rendered":"<p>Our customers&#8217; needs and to fulfill the full and timely expectations, to prepare the product in line with our target market appropriate products for use under competitive conditions to offer to the market, quality, efficiency and flexibility at the highest reach levels and the costs outlined in our quality policy in order to decrease; Meeting [&hellip;]<\/p>\n","protected":false},"author":1,"featured_media":0,"parent":0,"menu_order":24,"comment_status":"closed","ping_status":"closed","template":"","meta":{"footnotes":""},"class_list":["post-1953","page","type-page","status-publish","hentry"],"yoast_head":"<!-- This site is optimized with the Yoast SEO plugin v25.3.1 - https:\/\/yoast.com\/wordpress\/plugins\/seo\/ -->\n<title>Quality Policy - LUNA<\/title>\n<meta name=\"robots\" content=\"index, follow, max-snippet:-1, max-image-preview:large, max-video-preview:-1\" \/>\n<link rel=\"canonical\" href=\"https:\/\/lunatr.com\/en\/quality-policy\/\" \/>\n<meta property=\"og:locale\" content=\"en_US\" \/>\n<meta property=\"og:type\" content=\"article\" \/>\n<meta property=\"og:title\" content=\"Quality Policy - LUNA\" \/>\n<meta property=\"og:description\" content=\"Our customers&#8217; needs and to fulfill the full and timely expectations, to prepare the product in line with our target market appropriate products for use under competitive conditions to offer to the market, quality, efficiency and flexibility at the highest reach levels and the costs outlined in our quality policy in order to decrease; Meeting [&hellip;]\" \/>\n<meta property=\"og:url\" content=\"https:\/\/lunatr.com\/en\/quality-policy\/\" \/>\n<meta property=\"og:site_name\" content=\"LUNA\" \/>\n<meta property=\"article:modified_time\" content=\"2022-01-06T14:01:45+00:00\" \/>\n<meta name=\"twitter:card\" content=\"summary_large_image\" \/>\n<meta name=\"twitter:label1\" content=\"Est. reading time\" \/>\n\t<meta name=\"twitter:data1\" content=\"1 minute\" \/>\n<script type=\"application\/ld+json\" class=\"yoast-schema-graph\">{\"@context\":\"https:\/\/schema.org\",\"@graph\":[{\"@type\":\"WebPage\",\"@id\":\"https:\/\/lunatr.com\/en\/quality-policy\/\",\"url\":\"https:\/\/lunatr.com\/en\/quality-policy\/\",\"name\":\"Quality Policy - LUNA\",\"isPartOf\":{\"@id\":\"https:\/\/lunatr.com\/#website\"},\"datePublished\":\"2021-09-07T10:59:54+00:00\",\"dateModified\":\"2022-01-06T14:01:45+00:00\",\"breadcrumb\":{\"@id\":\"https:\/\/lunatr.com\/en\/quality-policy\/#breadcrumb\"},\"inLanguage\":\"en-US\",\"potentialAction\":[{\"@type\":\"ReadAction\",\"target\":[\"https:\/\/lunatr.com\/en\/quality-policy\/\"]}]},{\"@type\":\"BreadcrumbList\",\"@id\":\"https:\/\/lunatr.com\/en\/quality-policy\/#breadcrumb\",\"itemListElement\":[{\"@type\":\"ListItem\",\"position\":1,\"name\":\"Home\",\"item\":\"https:\/\/lunatr.com\/en\/\"},{\"@type\":\"ListItem\",\"position\":2,\"name\":\"Quality Policy\"}]},{\"@type\":\"WebSite\",\"@id\":\"https:\/\/lunatr.com\/#website\",\"url\":\"https:\/\/lunatr.com\/\",\"name\":\"LUNA\",\"description\":\"Ak\u0131ll\u0131 Su ve Elektrik Saya\u00e7lar\u0131\",\"publisher\":{\"@id\":\"https:\/\/lunatr.com\/#organization\"},\"potentialAction\":[{\"@type\":\"SearchAction\",\"target\":{\"@type\":\"EntryPoint\",\"urlTemplate\":\"https:\/\/lunatr.com\/?s={search_term_string}\"},\"query-input\":{\"@type\":\"PropertyValueSpecification\",\"valueRequired\":true,\"valueName\":\"search_term_string\"}}],\"inLanguage\":\"en-US\"},{\"@type\":\"Organization\",\"@id\":\"https:\/\/lunatr.com\/#organization\",\"name\":\"LUNA\",\"url\":\"https:\/\/lunatr.com\/\",\"logo\":{\"@type\":\"ImageObject\",\"inLanguage\":\"en-US\",\"@id\":\"https:\/\/lunatr.com\/#\/schema\/logo\/image\/\",\"url\":\"http:\/\/lunatr.com\/wp-content\/uploads\/2025\/06\/luna-landis-logo-512.png\",\"contentUrl\":\"http:\/\/lunatr.com\/wp-content\/uploads\/2025\/06\/luna-landis-logo-512.png\",\"width\":512,\"height\":512,\"caption\":\"LUNA\"},\"image\":{\"@id\":\"https:\/\/lunatr.com\/#\/schema\/logo\/image\/\"}}]}<\/script>\n<!-- \/ Yoast SEO plugin. -->","yoast_head_json":{"title":"Quality Policy - LUNA","robots":{"index":"index","follow":"follow","max-snippet":"max-snippet:-1","max-image-preview":"max-image-preview:large","max-video-preview":"max-video-preview:-1"},"canonical":"https:\/\/lunatr.com\/en\/quality-policy\/","og_locale":"en_US","og_type":"article","og_title":"Quality Policy - LUNA","og_description":"Our customers&#8217; needs and to fulfill the full and timely expectations, to prepare the product in line with our target market appropriate products for use under competitive conditions to offer to the market, quality, efficiency and flexibility at the highest reach levels and the costs outlined in our quality policy in order to decrease; Meeting [&hellip;]","og_url":"https:\/\/lunatr.com\/en\/quality-policy\/","og_site_name":"LUNA","article_modified_time":"2022-01-06T14:01:45+00:00","twitter_card":"summary_large_image","twitter_misc":{"Est. reading time":"1 minute"},"schema":{"@context":"https:\/\/schema.org","@graph":[{"@type":"WebPage","@id":"https:\/\/lunatr.com\/en\/quality-policy\/","url":"https:\/\/lunatr.com\/en\/quality-policy\/","name":"Quality Policy - LUNA","isPartOf":{"@id":"https:\/\/lunatr.com\/#website"},"datePublished":"2021-09-07T10:59:54+00:00","dateModified":"2022-01-06T14:01:45+00:00","breadcrumb":{"@id":"https:\/\/lunatr.com\/en\/quality-policy\/#breadcrumb"},"inLanguage":"en-US","potentialAction":[{"@type":"ReadAction","target":["https:\/\/lunatr.com\/en\/quality-policy\/"]}]},{"@type":"BreadcrumbList","@id":"https:\/\/lunatr.com\/en\/quality-policy\/#breadcrumb","itemListElement":[{"@type":"ListItem","position":1,"name":"Home","item":"https:\/\/lunatr.com\/en\/"},{"@type":"ListItem","position":2,"name":"Quality Policy"}]},{"@type":"WebSite","@id":"https:\/\/lunatr.com\/#website","url":"https:\/\/lunatr.com\/","name":"LUNA","description":"Ak\u0131ll\u0131 Su ve Elektrik Saya\u00e7lar\u0131","publisher":{"@id":"https:\/\/lunatr.com\/#organization"},"potentialAction":[{"@type":"SearchAction","target":{"@type":"EntryPoint","urlTemplate":"https:\/\/lunatr.com\/?s={search_term_string}"},"query-input":{"@type":"PropertyValueSpecification","valueRequired":true,"valueName":"search_term_string"}}],"inLanguage":"en-US"},{"@type":"Organization","@id":"https:\/\/lunatr.com\/#organization","name":"LUNA","url":"https:\/\/lunatr.com\/","logo":{"@type":"ImageObject","inLanguage":"en-US","@id":"https:\/\/lunatr.com\/#\/schema\/logo\/image\/","url":"http:\/\/lunatr.com\/wp-content\/uploads\/2025\/06\/luna-landis-logo-512.png","contentUrl":"http:\/\/lunatr.com\/wp-content\/uploads\/2025\/06\/luna-landis-logo-512.png","width":512,"height":512,"caption":"LUNA"},"image":{"@id":"https:\/\/lunatr.com\/#\/schema\/logo\/image\/"}}]}},"_links":{"self":[{"href":"https:\/\/lunatr.com\/en\/wp-json\/wp\/v2\/pages\/1953","targetHints":{"allow":["GET"]}}],"collection":[{"href":"https:\/\/lunatr.com\/en\/wp-json\/wp\/v2\/pages"}],"about":[{"href":"https:\/\/lunatr.com\/en\/wp-json\/wp\/v2\/types\/page"}],"author":[{"embeddable":true,"href":"https:\/\/lunatr.com\/en\/wp-json\/wp\/v2\/users\/1"}],"replies":[{"embeddable":true,"href":"https:\/\/lunatr.com\/en\/wp-json\/wp\/v2\/comments?post=1953"}],"version-history":[{"count":5,"href":"https:\/\/lunatr.com\/en\/wp-json\/wp\/v2\/pages\/1953\/revisions"}],"predecessor-version":[{"id":2105,"href":"https:\/\/lunatr.com\/en\/wp-json\/wp\/v2\/pages\/1953\/revisions\/2105"}],"wp:attachment":[{"href":"https:\/\/lunatr.com\/en\/wp-json\/wp\/v2\/media?parent=1953"}],"curies":[{"name":"wp","href":"https:\/\/api.w.org\/{rel}","templated":true}]}}