{"id":2130,"date":"2021-08-04T14:28:15","date_gmt":"2021-08-04T14:28:15","guid":{"rendered":"https:\/\/lunatr.com\/is-sagligi-ve-guvenligi-politikamiz\/"},"modified":"2022-01-06T14:27:06","modified_gmt":"2022-01-06T14:27:06","slug":"our-occupational-health-and-safety-policy","status":"publish","type":"page","link":"https:\/\/lunatr.com\/en\/our-occupational-health-and-safety-policy\/","title":{"rendered":"Our Occupational Health And Safety Policy"},"content":{"rendered":"\t\t<div data-elementor-type=\"wp-page\" data-elementor-id=\"2130\" class=\"elementor elementor-2130 elementor-320\" data-elementor-post-type=\"page\">\n\t\t\t\t\t\t<section class=\"elementor-section elementor-top-section elementor-element elementor-element-5091a6d elementor-section-height-min-height elementor-section-items-bottom elementor-section-content-middle elementor-section-boxed elementor-section-height-default\" data-id=\"5091a6d\" data-element_type=\"section\" data-settings=\"{&quot;background_background&quot;:&quot;classic&quot;,&quot;shape_divider_bottom&quot;:&quot;curve&quot;,&quot;shape_divider_bottom_negative&quot;:&quot;yes&quot;}\">\n\t\t\t\t\t<div class=\"elementor-shape elementor-shape-bottom\" data-negative=\"true\">\n\t\t\t<svg xmlns=\"http:\/\/www.w3.org\/2000\/svg\" viewBox=\"0 0 1000 100\" preserveAspectRatio=\"none\">\n\t<path class=\"elementor-shape-fill\" d=\"M500,97C126.7,96.3,0.8,19.8,0,0v100l1000,0V1C1000,19.4,873.3,97.8,500,97z\"\/>\n<\/svg>\t\t<\/div>\n\t\t\t\t\t<div class=\"elementor-container elementor-column-gap-default\">\n\t\t\t\t\t<div class=\"elementor-column elementor-col-100 elementor-top-column elementor-element elementor-element-e53abcb\" data-id=\"e53abcb\" data-element_type=\"column\">\n\t\t\t<div class=\"elementor-widget-wrap elementor-element-populated\">\n\t\t\t\t\t\t<div class=\"elementor-element elementor-element-425b699 elementor-widget elementor-widget-heading\" data-id=\"425b699\" data-element_type=\"widget\" data-widget_type=\"heading.default\">\n\t\t\t\t<div class=\"elementor-widget-container\">\n\t\t\t\t\t<h1 class=\"elementor-heading-title elementor-size-default\">Our Occupational Health And Safety Policy<\/h1>\t\t\t\t<\/div>\n\t\t\t\t<\/div>\n\t\t\t\t\t<\/div>\n\t\t<\/div>\n\t\t\t\t\t<\/div>\n\t\t<\/section>\n\t\t\t\t<section class=\"elementor-section elementor-top-section elementor-element elementor-element-860835f elementor-section-boxed elementor-section-height-default elementor-section-height-default\" data-id=\"860835f\" data-element_type=\"section\" data-settings=\"{&quot;background_background&quot;:&quot;classic&quot;}\">\n\t\t\t\t\t\t<div class=\"elementor-container elementor-column-gap-default\">\n\t\t\t\t\t<div class=\"elementor-column elementor-col-100 elementor-top-column elementor-element elementor-element-dfde44e\" data-id=\"dfde44e\" data-element_type=\"column\">\n\t\t\t<div class=\"elementor-widget-wrap elementor-element-populated\">\n\t\t\t\t\t\t<section class=\"elementor-section elementor-inner-section elementor-element elementor-element-64a45c4 elementor-section-content-middle elementor-section-boxed elementor-section-height-default elementor-section-height-default\" data-id=\"64a45c4\" data-element_type=\"section\">\n\t\t\t\t\t\t<div class=\"elementor-container elementor-column-gap-default\">\n\t\t\t\t\t<div class=\"elementor-column elementor-col-50 elementor-inner-column elementor-element elementor-element-0d52a4d\" data-id=\"0d52a4d\" data-element_type=\"column\">\n\t\t\t<div class=\"elementor-widget-wrap elementor-element-populated\">\n\t\t\t\t\t\t<div class=\"elementor-element elementor-element-8b1266e elementor-widget elementor-widget-heading\" data-id=\"8b1266e\" data-element_type=\"widget\" data-widget_type=\"heading.default\">\n\t\t\t\t<div class=\"elementor-widget-container\">\n\t\t\t\t\t<h5 class=\"elementor-heading-title elementor-size-default\">OUR OCCUPATIONAL HEALTH AND SAFETY POLICY<\/h5>\t\t\t\t<\/div>\n\t\t\t\t<\/div>\n\t\t\t\t<div class=\"elementor-element elementor-element-289ec52 elementor-widget elementor-widget-text-editor\" data-id=\"289ec52\" data-element_type=\"widget\" data-widget_type=\"text-editor.default\">\n\t\t\t\t<div class=\"elementor-widget-container\">\n\t\t\t\t\t\t\t\t\t<p><span style=\"font-weight: 400;\">LUNA Electric and Electronic Industry. Trade Inc. The Occupational Health and Safety Policy, which we have accepted as the Occupational Health and Safety Policy, comes from the great respect for people and the environment they live in. LUNA Electric and Electronic Industry. Trade AS&#8217; Occupational Health and Safety is the main priority in every field where we work . Everyone is responsible for doing what is necessary within their jurisdiction to ensure a healthy and safe workplace. One of our most important goals is to protect all our employees and the environment we live in against the possible risks of our line of business. \u00a0 <\/span><\/p>\t\t\t\t\t\t\t\t<\/div>\n\t\t\t\t<\/div>\n\t\t\t\t\t<\/div>\n\t\t<\/div>\n\t\t\t\t<div class=\"elementor-column elementor-col-50 elementor-inner-column elementor-element elementor-element-35c8e8f\" data-id=\"35c8e8f\" data-element_type=\"column\">\n\t\t\t<div class=\"elementor-widget-wrap elementor-element-populated\">\n\t\t\t\t\t\t<div class=\"elementor-element elementor-element-a179252 elementor-widget elementor-widget-image\" data-id=\"a179252\" data-element_type=\"widget\" data-widget_type=\"image.default\">\n\t\t\t\t<div class=\"elementor-widget-container\">\n\t\t\t\t\t\t\t\t\t\t\t\t\t\t\t<img fetchpriority=\"high\" decoding=\"async\" width=\"666\" height=\"415\" src=\"https:\/\/lunatr.com\/wp-content\/uploads\/2021\/07\/luna_home_counter_photo_wb.jpg\" class=\"attachment-full size-full wp-image-43\" alt=\"\" srcset=\"https:\/\/lunatr.com\/wp-content\/uploads\/2021\/07\/luna_home_counter_photo_wb.jpg 666w, https:\/\/lunatr.com\/wp-content\/uploads\/2021\/07\/luna_home_counter_photo_wb-600x374.jpg 600w, https:\/\/lunatr.com\/wp-content\/uploads\/2021\/07\/luna_home_counter_photo_wb-300x187.jpg 300w\" sizes=\"(max-width: 666px) 100vw, 666px\" \/>\t\t\t\t\t\t\t\t\t\t\t\t\t\t\t<\/div>\n\t\t\t\t<\/div>\n\t\t\t\t\t<\/div>\n\t\t<\/div>\n\t\t\t\t\t<\/div>\n\t\t<\/section>\n\t\t\t\t<section class=\"elementor-section elementor-inner-section elementor-element elementor-element-ed4eb8e elementor-section-boxed elementor-section-height-default elementor-section-height-default\" data-id=\"ed4eb8e\" data-element_type=\"section\">\n\t\t\t\t\t\t<div class=\"elementor-container elementor-column-gap-default\">\n\t\t\t\t\t<div class=\"elementor-column elementor-col-50 elementor-inner-column elementor-element elementor-element-e286123\" data-id=\"e286123\" data-element_type=\"column\">\n\t\t\t<div class=\"elementor-widget-wrap elementor-element-populated\">\n\t\t\t\t\t\t<div class=\"elementor-element elementor-element-c99a8a9 elementor-widget elementor-widget-text-editor\" data-id=\"c99a8a9\" data-element_type=\"widget\" data-widget_type=\"text-editor.default\">\n\t\t\t\t<div class=\"elementor-widget-container\">\n\t\t\t\t\t\t\t\t\t<p><span style=\"font-weight: 400;\">In this direction;<\/span><\/p><ul><li style=\"font-weight: 400;\" aria-level=\"1\"><span style=\"font-weight: 400;\">In the workplace and its attachments; In order to ensure the health and safety of employees, subcontractors, visitors and our company personnel working outside the workplace, to take all kinds of precautions, to keep tools and Personal Protective Equipment, and to ensure that they are used when necessary,<\/span><\/li><li style=\"font-weight: 400;\" aria-level=\"1\"><span style=\"font-weight: 400;\">To identify the risks that may cause work accidents and occupational diseases in the workplace, to ensure the health, safety and social welfare of employees, visitors and subcontractors at all levels, and to reduce all kinds of material and moral losses that may arise in the future for themselves and their families.<\/span><\/li><li style=\"font-weight: 400;\" aria-level=\"1\"><span style=\"font-weight: 400;\">To detect and eliminate unsafe situations and movements that may cause work accidents and occupational diseases in the workplace and its annexes, possible accident risks, by making an effective risk assessment,<\/span><\/li><\/ul>\t\t\t\t\t\t\t\t<\/div>\n\t\t\t\t<\/div>\n\t\t\t\t\t<\/div>\n\t\t<\/div>\n\t\t\t\t<div class=\"elementor-column elementor-col-50 elementor-inner-column elementor-element elementor-element-c26c4af\" data-id=\"c26c4af\" data-element_type=\"column\">\n\t\t\t<div class=\"elementor-widget-wrap elementor-element-populated\">\n\t\t\t\t\t\t<div class=\"elementor-element elementor-element-fb6e3cb elementor-widget elementor-widget-spacer\" data-id=\"fb6e3cb\" data-element_type=\"widget\" data-widget_type=\"spacer.default\">\n\t\t\t\t<div class=\"elementor-widget-container\">\n\t\t\t\t\t\t\t<div class=\"elementor-spacer\">\n\t\t\t<div class=\"elementor-spacer-inner\"><\/div>\n\t\t<\/div>\n\t\t\t\t\t\t<\/div>\n\t\t\t\t<\/div>\n\t\t\t\t<div class=\"elementor-element elementor-element-33bd1b7 elementor-widget elementor-widget-text-editor\" data-id=\"33bd1b7\" data-element_type=\"widget\" data-widget_type=\"text-editor.default\">\n\t\t\t\t<div class=\"elementor-widget-container\">\n\t\t\t\t\t\t\t\t\t<ul><li style=\"font-weight: 400;\" aria-level=\"1\"><span style=\"font-weight: 400;\">To train our employees in the field of occupational health and safety and to ensure that they reach a good awareness of occupational health and safety,<\/span><\/li><li style=\"font-weight: 400;\" aria-level=\"1\"><span style=\"font-weight: 400;\">LUNA Elektrik Elektronik San.Tic. Inc. To ensure that they comply with the rules regarding occupational health and safety,<\/span><\/li><li style=\"font-weight: 400;\" aria-level=\"1\"><span style=\"font-weight: 400;\">Considering the development of the industrial world, to predict possible situations that may be encountered in the future, to constantly improve and review our situation,<\/span><\/li><li style=\"font-weight: 400;\" aria-level=\"1\"><span style=\"font-weight: 400;\">LUNA Electrical and Electronics Industry and Trade. Inc. to become an exemplary company before affiliated institutions, chambers of industry and associations in terms of occupational health and safety practices,<\/span><\/li><li style=\"font-weight: 400;\" aria-level=\"1\"><span style=\"font-weight: 400;\">We undertake as our OHS policy to ensure the continuity of our OHS Management System, which has been established and carried out in this direction.<\/span><\/li><\/ul>\t\t\t\t\t\t\t\t<\/div>\n\t\t\t\t<\/div>\n\t\t\t\t\t<\/div>\n\t\t<\/div>\n\t\t\t\t\t<\/div>\n\t\t<\/section>\n\t\t\t\t\t<\/div>\n\t\t<\/div>\n\t\t\t\t\t<\/div>\n\t\t<\/section>\n\t\t\t\t<\/div>\n\t\t","protected":false},"excerpt":{"rendered":"<p>OUR OCCUPATIONAL HEALTH AND SAFETY POLICY LUNA Electric and Electronic Industry. Trade Inc. The Occupational Health and Safety Policy, which we have accepted as the Occupational Health and Safety Policy, comes from the great respect for people and the environment they live in. LUNA Electric and Electronic Industry. Trade AS&#8217; Occupational Health and Safety is [&hellip;]<\/p>\n","protected":false},"author":1,"featured_media":0,"parent":0,"menu_order":45,"comment_status":"closed","ping_status":"closed","template":"","meta":{"footnotes":""},"class_list":["post-2130","page","type-page","status-publish","hentry"],"yoast_head":"<!-- This site is optimized with the Yoast SEO plugin v25.3.1 - https:\/\/yoast.com\/wordpress\/plugins\/seo\/ -->\n<title>Our Occupational Health And Safety Policy - LUNA<\/title>\n<meta name=\"robots\" content=\"index, follow, max-snippet:-1, max-image-preview:large, max-video-preview:-1\" \/>\n<link rel=\"canonical\" href=\"https:\/\/lunatr.com\/en\/our-occupational-health-and-safety-policy\/\" \/>\n<meta property=\"og:locale\" content=\"en_US\" \/>\n<meta property=\"og:type\" content=\"article\" \/>\n<meta property=\"og:title\" content=\"Our Occupational Health And Safety Policy - LUNA\" \/>\n<meta property=\"og:description\" content=\"OUR OCCUPATIONAL HEALTH AND SAFETY POLICY LUNA Electric and Electronic Industry. Trade Inc. The Occupational Health and Safety Policy, which we have accepted as the Occupational Health and Safety Policy, comes from the great respect for people and the environment they live in. LUNA Electric and Electronic Industry. Trade AS&#8217; Occupational Health and Safety is [&hellip;]\" \/>\n<meta property=\"og:url\" content=\"https:\/\/lunatr.com\/en\/our-occupational-health-and-safety-policy\/\" \/>\n<meta property=\"og:site_name\" content=\"LUNA\" \/>\n<meta property=\"article:modified_time\" content=\"2022-01-06T14:27:06+00:00\" \/>\n<meta property=\"og:image\" content=\"http:\/\/lunatr.com\/wp-content\/uploads\/2021\/07\/luna_home_counter_photo_wb.jpg\" \/>\n<meta name=\"twitter:card\" content=\"summary_large_image\" \/>\n<meta name=\"twitter:label1\" content=\"Est. reading time\" \/>\n\t<meta name=\"twitter:data1\" content=\"2 minutes\" \/>\n<script type=\"application\/ld+json\" class=\"yoast-schema-graph\">{\"@context\":\"https:\/\/schema.org\",\"@graph\":[{\"@type\":\"WebPage\",\"@id\":\"https:\/\/lunatr.com\/en\/our-occupational-health-and-safety-policy\/\",\"url\":\"https:\/\/lunatr.com\/en\/our-occupational-health-and-safety-policy\/\",\"name\":\"Our Occupational Health And Safety Policy - LUNA\",\"isPartOf\":{\"@id\":\"https:\/\/lunatr.com\/#website\"},\"primaryImageOfPage\":{\"@id\":\"https:\/\/lunatr.com\/en\/our-occupational-health-and-safety-policy\/#primaryimage\"},\"image\":{\"@id\":\"https:\/\/lunatr.com\/en\/our-occupational-health-and-safety-policy\/#primaryimage\"},\"thumbnailUrl\":\"http:\/\/lunatr.com\/wp-content\/uploads\/2021\/07\/luna_home_counter_photo_wb.jpg\",\"datePublished\":\"2021-08-04T14:28:15+00:00\",\"dateModified\":\"2022-01-06T14:27:06+00:00\",\"breadcrumb\":{\"@id\":\"https:\/\/lunatr.com\/en\/our-occupational-health-and-safety-policy\/#breadcrumb\"},\"inLanguage\":\"en-US\",\"potentialAction\":[{\"@type\":\"ReadAction\",\"target\":[\"https:\/\/lunatr.com\/en\/our-occupational-health-and-safety-policy\/\"]}]},{\"@type\":\"ImageObject\",\"inLanguage\":\"en-US\",\"@id\":\"https:\/\/lunatr.com\/en\/our-occupational-health-and-safety-policy\/#primaryimage\",\"url\":\"http:\/\/lunatr.com\/wp-content\/uploads\/2021\/07\/luna_home_counter_photo_wb.jpg\",\"contentUrl\":\"http:\/\/lunatr.com\/wp-content\/uploads\/2021\/07\/luna_home_counter_photo_wb.jpg\"},{\"@type\":\"BreadcrumbList\",\"@id\":\"https:\/\/lunatr.com\/en\/our-occupational-health-and-safety-policy\/#breadcrumb\",\"itemListElement\":[{\"@type\":\"ListItem\",\"position\":1,\"name\":\"Home\",\"item\":\"https:\/\/lunatr.com\/en\/\"},{\"@type\":\"ListItem\",\"position\":2,\"name\":\"Our Occupational Health And Safety Policy\"}]},{\"@type\":\"WebSite\",\"@id\":\"https:\/\/lunatr.com\/#website\",\"url\":\"https:\/\/lunatr.com\/\",\"name\":\"LUNA\",\"description\":\"Ak\u0131ll\u0131 Su ve Elektrik Saya\u00e7lar\u0131\",\"publisher\":{\"@id\":\"https:\/\/lunatr.com\/#organization\"},\"potentialAction\":[{\"@type\":\"SearchAction\",\"target\":{\"@type\":\"EntryPoint\",\"urlTemplate\":\"https:\/\/lunatr.com\/?s={search_term_string}\"},\"query-input\":{\"@type\":\"PropertyValueSpecification\",\"valueRequired\":true,\"valueName\":\"search_term_string\"}}],\"inLanguage\":\"en-US\"},{\"@type\":\"Organization\",\"@id\":\"https:\/\/lunatr.com\/#organization\",\"name\":\"LUNA\",\"url\":\"https:\/\/lunatr.com\/\",\"logo\":{\"@type\":\"ImageObject\",\"inLanguage\":\"en-US\",\"@id\":\"https:\/\/lunatr.com\/#\/schema\/logo\/image\/\",\"url\":\"http:\/\/lunatr.com\/wp-content\/uploads\/2025\/06\/luna-landis-logo-512.png\",\"contentUrl\":\"http:\/\/lunatr.com\/wp-content\/uploads\/2025\/06\/luna-landis-logo-512.png\",\"width\":512,\"height\":512,\"caption\":\"LUNA\"},\"image\":{\"@id\":\"https:\/\/lunatr.com\/#\/schema\/logo\/image\/\"}}]}<\/script>\n<!-- \/ Yoast SEO plugin. -->","yoast_head_json":{"title":"Our Occupational Health And Safety Policy - LUNA","robots":{"index":"index","follow":"follow","max-snippet":"max-snippet:-1","max-image-preview":"max-image-preview:large","max-video-preview":"max-video-preview:-1"},"canonical":"https:\/\/lunatr.com\/en\/our-occupational-health-and-safety-policy\/","og_locale":"en_US","og_type":"article","og_title":"Our Occupational Health And Safety Policy - LUNA","og_description":"OUR OCCUPATIONAL HEALTH AND SAFETY POLICY LUNA Electric and Electronic Industry. Trade Inc. The Occupational Health and Safety Policy, which we have accepted as the Occupational Health and Safety Policy, comes from the great respect for people and the environment they live in. LUNA Electric and Electronic Industry. Trade AS&#8217; Occupational Health and Safety is [&hellip;]","og_url":"https:\/\/lunatr.com\/en\/our-occupational-health-and-safety-policy\/","og_site_name":"LUNA","article_modified_time":"2022-01-06T14:27:06+00:00","og_image":[{"url":"http:\/\/lunatr.com\/wp-content\/uploads\/2021\/07\/luna_home_counter_photo_wb.jpg","type":"","width":"","height":""}],"twitter_card":"summary_large_image","twitter_misc":{"Est. reading time":"2 minutes"},"schema":{"@context":"https:\/\/schema.org","@graph":[{"@type":"WebPage","@id":"https:\/\/lunatr.com\/en\/our-occupational-health-and-safety-policy\/","url":"https:\/\/lunatr.com\/en\/our-occupational-health-and-safety-policy\/","name":"Our Occupational Health And Safety Policy - LUNA","isPartOf":{"@id":"https:\/\/lunatr.com\/#website"},"primaryImageOfPage":{"@id":"https:\/\/lunatr.com\/en\/our-occupational-health-and-safety-policy\/#primaryimage"},"image":{"@id":"https:\/\/lunatr.com\/en\/our-occupational-health-and-safety-policy\/#primaryimage"},"thumbnailUrl":"http:\/\/lunatr.com\/wp-content\/uploads\/2021\/07\/luna_home_counter_photo_wb.jpg","datePublished":"2021-08-04T14:28:15+00:00","dateModified":"2022-01-06T14:27:06+00:00","breadcrumb":{"@id":"https:\/\/lunatr.com\/en\/our-occupational-health-and-safety-policy\/#breadcrumb"},"inLanguage":"en-US","potentialAction":[{"@type":"ReadAction","target":["https:\/\/lunatr.com\/en\/our-occupational-health-and-safety-policy\/"]}]},{"@type":"ImageObject","inLanguage":"en-US","@id":"https:\/\/lunatr.com\/en\/our-occupational-health-and-safety-policy\/#primaryimage","url":"http:\/\/lunatr.com\/wp-content\/uploads\/2021\/07\/luna_home_counter_photo_wb.jpg","contentUrl":"http:\/\/lunatr.com\/wp-content\/uploads\/2021\/07\/luna_home_counter_photo_wb.jpg"},{"@type":"BreadcrumbList","@id":"https:\/\/lunatr.com\/en\/our-occupational-health-and-safety-policy\/#breadcrumb","itemListElement":[{"@type":"ListItem","position":1,"name":"Home","item":"https:\/\/lunatr.com\/en\/"},{"@type":"ListItem","position":2,"name":"Our Occupational Health And Safety Policy"}]},{"@type":"WebSite","@id":"https:\/\/lunatr.com\/#website","url":"https:\/\/lunatr.com\/","name":"LUNA","description":"Ak\u0131ll\u0131 Su ve Elektrik Saya\u00e7lar\u0131","publisher":{"@id":"https:\/\/lunatr.com\/#organization"},"potentialAction":[{"@type":"SearchAction","target":{"@type":"EntryPoint","urlTemplate":"https:\/\/lunatr.com\/?s={search_term_string}"},"query-input":{"@type":"PropertyValueSpecification","valueRequired":true,"valueName":"search_term_string"}}],"inLanguage":"en-US"},{"@type":"Organization","@id":"https:\/\/lunatr.com\/#organization","name":"LUNA","url":"https:\/\/lunatr.com\/","logo":{"@type":"ImageObject","inLanguage":"en-US","@id":"https:\/\/lunatr.com\/#\/schema\/logo\/image\/","url":"http:\/\/lunatr.com\/wp-content\/uploads\/2025\/06\/luna-landis-logo-512.png","contentUrl":"http:\/\/lunatr.com\/wp-content\/uploads\/2025\/06\/luna-landis-logo-512.png","width":512,"height":512,"caption":"LUNA"},"image":{"@id":"https:\/\/lunatr.com\/#\/schema\/logo\/image\/"}}]}},"_links":{"self":[{"href":"https:\/\/lunatr.com\/en\/wp-json\/wp\/v2\/pages\/2130","targetHints":{"allow":["GET"]}}],"collection":[{"href":"https:\/\/lunatr.com\/en\/wp-json\/wp\/v2\/pages"}],"about":[{"href":"https:\/\/lunatr.com\/en\/wp-json\/wp\/v2\/types\/page"}],"author":[{"embeddable":true,"href":"https:\/\/lunatr.com\/en\/wp-json\/wp\/v2\/users\/1"}],"replies":[{"embeddable":true,"href":"https:\/\/lunatr.com\/en\/wp-json\/wp\/v2\/comments?post=2130"}],"version-history":[{"count":5,"href":"https:\/\/lunatr.com\/en\/wp-json\/wp\/v2\/pages\/2130\/revisions"}],"predecessor-version":[{"id":2135,"href":"https:\/\/lunatr.com\/en\/wp-json\/wp\/v2\/pages\/2130\/revisions\/2135"}],"wp:attachment":[{"href":"https:\/\/lunatr.com\/en\/wp-json\/wp\/v2\/media?parent=2130"}],"curies":[{"name":"wp","href":"https:\/\/api.w.org\/{rel}","templated":true}]}}