{"id":2002,"date":"2021-09-24T06:03:40","date_gmt":"2021-09-24T06:03:40","guid":{"rendered":"https:\/\/lunatr.com\/urun\/jupiter-jp-d-xx\/"},"modified":"2022-01-20T06:39:21","modified_gmt":"2022-01-20T06:39:21","slug":"jupiter-jp-d-xx","status":"publish","type":"product","link":"https:\/\/lunatr.com\/en\/product\/jupiter-jp-d-xx\/","title":{"rendered":"JUPITER"},"content":{"rendered":"<h3>JP-D-XX<\/h3>\n","protected":false},"excerpt":{"rendered":"<ul>\n<li>Nature friendly, long lifetime<\/li>\n<li>MID approved and certified<\/li>\n<li>Suitable up to 50 \u00b0 C as a cold water meter<\/li>\n<\/ul>\n","protected":false},"featured_media":1790,"comment_status":"open","ping_status":"closed","template":"","meta":[],"product_brand":[],"product_cat":[121,114],"product_tag":[112],"class_list":{"0":"post-2002","1":"product","2":"type-product","3":"status-publish","4":"has-post-thumbnail","6":"product_cat-hot-water-meters","7":"product_cat-water-meters","8":"product_tag-es-en","10":"first","11":"instock","12":"shipping-taxable","13":"product-type-variable","14":"has-default-attributes"},"yoast_head":"<!-- This site is optimized with the Yoast SEO plugin v25.3.1 - https:\/\/yoast.com\/wordpress\/plugins\/seo\/ -->\n<title>JUPITER - LUNA<\/title>\n<meta name=\"robots\" content=\"index, follow, max-snippet:-1, max-image-preview:large, max-video-preview:-1\" \/>\n<link rel=\"canonical\" href=\"https:\/\/lunatr.com\/en\/product\/jupiter-jp-d-xx\/\" \/>\n<meta property=\"og:locale\" content=\"en_US\" \/>\n<meta property=\"og:type\" content=\"article\" \/>\n<meta property=\"og:title\" content=\"JUPITER - LUNA\" \/>\n<meta property=\"og:description\" content=\"Nature friendly, long lifetime  MID approved and certified  Suitable up to 50 \u00b0 C as a cold water meter\" \/>\n<meta property=\"og:url\" content=\"https:\/\/lunatr.com\/en\/product\/jupiter-jp-d-xx\/\" \/>\n<meta property=\"og:site_name\" content=\"LUNA\" \/>\n<meta property=\"article:modified_time\" content=\"2022-01-20T06:39:21+00:00\" \/>\n<meta property=\"og:image\" content=\"https:\/\/lunatr.com\/wp-content\/uploads\/2021\/09\/JP-D-XX-photo-1-1.jpg\" \/>\n\t<meta property=\"og:image:width\" content=\"800\" \/>\n\t<meta property=\"og:image:height\" content=\"800\" \/>\n\t<meta property=\"og:image:type\" content=\"image\/jpeg\" \/>\n<meta name=\"twitter:card\" content=\"summary_large_image\" \/>\n<script type=\"application\/ld+json\" class=\"yoast-schema-graph\">{\"@context\":\"https:\/\/schema.org\",\"@graph\":[{\"@type\":\"WebPage\",\"@id\":\"https:\/\/lunatr.com\/en\/product\/jupiter-jp-d-xx\/\",\"url\":\"https:\/\/lunatr.com\/en\/product\/jupiter-jp-d-xx\/\",\"name\":\"JUPITER - LUNA\",\"isPartOf\":{\"@id\":\"https:\/\/lunatr.com\/#website\"},\"primaryImageOfPage\":{\"@id\":\"https:\/\/lunatr.com\/en\/product\/jupiter-jp-d-xx\/#primaryimage\"},\"image\":{\"@id\":\"https:\/\/lunatr.com\/en\/product\/jupiter-jp-d-xx\/#primaryimage\"},\"thumbnailUrl\":\"https:\/\/lunatr.com\/wp-content\/uploads\/2021\/09\/JP-D-XX-photo-1-1.jpg\",\"datePublished\":\"2021-09-24T06:03:40+00:00\",\"dateModified\":\"2022-01-20T06:39:21+00:00\",\"breadcrumb\":{\"@id\":\"https:\/\/lunatr.com\/en\/product\/jupiter-jp-d-xx\/#breadcrumb\"},\"inLanguage\":\"en-US\",\"potentialAction\":[{\"@type\":\"ReadAction\",\"target\":[\"https:\/\/lunatr.com\/en\/product\/jupiter-jp-d-xx\/\"]}]},{\"@type\":\"ImageObject\",\"inLanguage\":\"en-US\",\"@id\":\"https:\/\/lunatr.com\/en\/product\/jupiter-jp-d-xx\/#primaryimage\",\"url\":\"https:\/\/lunatr.com\/wp-content\/uploads\/2021\/09\/JP-D-XX-photo-1-1.jpg\",\"contentUrl\":\"https:\/\/lunatr.com\/wp-content\/uploads\/2021\/09\/JP-D-XX-photo-1-1.jpg\",\"width\":800,\"height\":800},{\"@type\":\"BreadcrumbList\",\"@id\":\"https:\/\/lunatr.com\/en\/product\/jupiter-jp-d-xx\/#breadcrumb\",\"itemListElement\":[{\"@type\":\"ListItem\",\"position\":1,\"name\":\"Home\",\"item\":\"https:\/\/lunatr.com\/en\/\"},{\"@type\":\"ListItem\",\"position\":2,\"name\":\"Ma\u011faza\",\"item\":\"https:\/\/lunatr.com\/magaza\/\"},{\"@type\":\"ListItem\",\"position\":3,\"name\":\"JUPITER\"}]},{\"@type\":\"WebSite\",\"@id\":\"https:\/\/lunatr.com\/#website\",\"url\":\"https:\/\/lunatr.com\/\",\"name\":\"LUNA\",\"description\":\"Ak\u0131ll\u0131 Su ve Elektrik Saya\u00e7lar\u0131\",\"publisher\":{\"@id\":\"https:\/\/lunatr.com\/#organization\"},\"potentialAction\":[{\"@type\":\"SearchAction\",\"target\":{\"@type\":\"EntryPoint\",\"urlTemplate\":\"https:\/\/lunatr.com\/?s={search_term_string}\"},\"query-input\":{\"@type\":\"PropertyValueSpecification\",\"valueRequired\":true,\"valueName\":\"search_term_string\"}}],\"inLanguage\":\"en-US\"},{\"@type\":\"Organization\",\"@id\":\"https:\/\/lunatr.com\/#organization\",\"name\":\"LUNA\",\"url\":\"https:\/\/lunatr.com\/\",\"logo\":{\"@type\":\"ImageObject\",\"inLanguage\":\"en-US\",\"@id\":\"https:\/\/lunatr.com\/#\/schema\/logo\/image\/\",\"url\":\"http:\/\/lunatr.com\/wp-content\/uploads\/2025\/06\/luna-landis-logo-512.png\",\"contentUrl\":\"http:\/\/lunatr.com\/wp-content\/uploads\/2025\/06\/luna-landis-logo-512.png\",\"width\":512,\"height\":512,\"caption\":\"LUNA\"},\"image\":{\"@id\":\"https:\/\/lunatr.com\/#\/schema\/logo\/image\/\"}}]}<\/script>\n<!-- \/ Yoast SEO plugin. -->","yoast_head_json":{"title":"JUPITER - LUNA","robots":{"index":"index","follow":"follow","max-snippet":"max-snippet:-1","max-image-preview":"max-image-preview:large","max-video-preview":"max-video-preview:-1"},"canonical":"https:\/\/lunatr.com\/en\/product\/jupiter-jp-d-xx\/","og_locale":"en_US","og_type":"article","og_title":"JUPITER - LUNA","og_description":"Nature friendly, long lifetime  MID approved and certified  Suitable up to 50 \u00b0 C as a cold water meter","og_url":"https:\/\/lunatr.com\/en\/product\/jupiter-jp-d-xx\/","og_site_name":"LUNA","article_modified_time":"2022-01-20T06:39:21+00:00","og_image":[{"width":800,"height":800,"url":"https:\/\/lunatr.com\/wp-content\/uploads\/2021\/09\/JP-D-XX-photo-1-1.jpg","type":"image\/jpeg"}],"twitter_card":"summary_large_image","schema":{"@context":"https:\/\/schema.org","@graph":[{"@type":"WebPage","@id":"https:\/\/lunatr.com\/en\/product\/jupiter-jp-d-xx\/","url":"https:\/\/lunatr.com\/en\/product\/jupiter-jp-d-xx\/","name":"JUPITER - LUNA","isPartOf":{"@id":"https:\/\/lunatr.com\/#website"},"primaryImageOfPage":{"@id":"https:\/\/lunatr.com\/en\/product\/jupiter-jp-d-xx\/#primaryimage"},"image":{"@id":"https:\/\/lunatr.com\/en\/product\/jupiter-jp-d-xx\/#primaryimage"},"thumbnailUrl":"https:\/\/lunatr.com\/wp-content\/uploads\/2021\/09\/JP-D-XX-photo-1-1.jpg","datePublished":"2021-09-24T06:03:40+00:00","dateModified":"2022-01-20T06:39:21+00:00","breadcrumb":{"@id":"https:\/\/lunatr.com\/en\/product\/jupiter-jp-d-xx\/#breadcrumb"},"inLanguage":"en-US","potentialAction":[{"@type":"ReadAction","target":["https:\/\/lunatr.com\/en\/product\/jupiter-jp-d-xx\/"]}]},{"@type":"ImageObject","inLanguage":"en-US","@id":"https:\/\/lunatr.com\/en\/product\/jupiter-jp-d-xx\/#primaryimage","url":"https:\/\/lunatr.com\/wp-content\/uploads\/2021\/09\/JP-D-XX-photo-1-1.jpg","contentUrl":"https:\/\/lunatr.com\/wp-content\/uploads\/2021\/09\/JP-D-XX-photo-1-1.jpg","width":800,"height":800},{"@type":"BreadcrumbList","@id":"https:\/\/lunatr.com\/en\/product\/jupiter-jp-d-xx\/#breadcrumb","itemListElement":[{"@type":"ListItem","position":1,"name":"Home","item":"https:\/\/lunatr.com\/en\/"},{"@type":"ListItem","position":2,"name":"Ma\u011faza","item":"https:\/\/lunatr.com\/magaza\/"},{"@type":"ListItem","position":3,"name":"JUPITER"}]},{"@type":"WebSite","@id":"https:\/\/lunatr.com\/#website","url":"https:\/\/lunatr.com\/","name":"LUNA","description":"Ak\u0131ll\u0131 Su ve Elektrik Saya\u00e7lar\u0131","publisher":{"@id":"https:\/\/lunatr.com\/#organization"},"potentialAction":[{"@type":"SearchAction","target":{"@type":"EntryPoint","urlTemplate":"https:\/\/lunatr.com\/?s={search_term_string}"},"query-input":{"@type":"PropertyValueSpecification","valueRequired":true,"valueName":"search_term_string"}}],"inLanguage":"en-US"},{"@type":"Organization","@id":"https:\/\/lunatr.com\/#organization","name":"LUNA","url":"https:\/\/lunatr.com\/","logo":{"@type":"ImageObject","inLanguage":"en-US","@id":"https:\/\/lunatr.com\/#\/schema\/logo\/image\/","url":"http:\/\/lunatr.com\/wp-content\/uploads\/2025\/06\/luna-landis-logo-512.png","contentUrl":"http:\/\/lunatr.com\/wp-content\/uploads\/2025\/06\/luna-landis-logo-512.png","width":512,"height":512,"caption":"LUNA"},"image":{"@id":"https:\/\/lunatr.com\/#\/schema\/logo\/image\/"}}]}},"_links":{"self":[{"href":"https:\/\/lunatr.com\/en\/wp-json\/wp\/v2\/product\/2002","targetHints":{"allow":["GET"]}}],"collection":[{"href":"https:\/\/lunatr.com\/en\/wp-json\/wp\/v2\/product"}],"about":[{"href":"https:\/\/lunatr.com\/en\/wp-json\/wp\/v2\/types\/product"}],"replies":[{"embeddable":true,"href":"https:\/\/lunatr.com\/en\/wp-json\/wp\/v2\/comments?post=2002"}],"version-history":[{"count":2,"href":"https:\/\/lunatr.com\/en\/wp-json\/wp\/v2\/product\/2002\/revisions"}],"predecessor-version":[{"id":2273,"href":"https:\/\/lunatr.com\/en\/wp-json\/wp\/v2\/product\/2002\/revisions\/2273"}],"wp:featuredmedia":[{"embeddable":true,"href":"https:\/\/lunatr.com\/en\/wp-json\/wp\/v2\/media\/1790"}],"wp:attachment":[{"href":"https:\/\/lunatr.com\/en\/wp-json\/wp\/v2\/media?parent=2002"}],"wp:term":[{"taxonomy":"product_brand","embeddable":true,"href":"https:\/\/lunatr.com\/en\/wp-json\/wp\/v2\/product_brand?post=2002"},{"taxonomy":"product_cat","embeddable":true,"href":"https:\/\/lunatr.com\/en\/wp-json\/wp\/v2\/product_cat?post=2002"},{"taxonomy":"product_tag","embeddable":true,"href":"https:\/\/lunatr.com\/en\/wp-json\/wp\/v2\/product_tag?post=2002"}],"curies":[{"name":"wp","href":"https:\/\/api.w.org\/{rel}","templated":true}]}}