{"id":2014,"date":"2021-09-20T08:42:52","date_gmt":"2021-09-20T08:42:52","guid":{"rendered":"https:\/\/lunatr.com\/urun\/luna-metrum\/"},"modified":"2021-09-20T08:42:52","modified_gmt":"2021-09-20T08:42:52","slug":"luna-metrum","status":"publish","type":"product","link":"https:\/\/lunatr.com\/en\/product\/luna-metrum\/","title":{"rendered":"Luna Metrum"},"content":{"rendered":"\t\t<div data-elementor-type=\"product-post\" data-elementor-id=\"2014\" class=\"elementor elementor-2014 elementor-858\" data-elementor-post-type=\"product\">\n\t\t\t\t\t\t<section class=\"elementor-section elementor-top-section elementor-element elementor-element-a59b506 elementor-section-boxed elementor-section-height-default elementor-section-height-default\" data-id=\"a59b506\" data-element_type=\"section\">\n\t\t\t\t\t\t<div class=\"elementor-container elementor-column-gap-default\">\n\t\t\t\t\t<div class=\"elementor-column elementor-col-100 elementor-top-column elementor-element elementor-element-a53d3ff\" data-id=\"a53d3ff\" data-element_type=\"column\">\n\t\t\t<div class=\"elementor-widget-wrap elementor-element-populated\">\n\t\t\t\t\t\t<div class=\"elementor-element elementor-element-137b56e elementor-widget elementor-widget-heading\" data-id=\"137b56e\" data-element_type=\"widget\" data-widget_type=\"heading.default\">\n\t\t\t\t<div class=\"elementor-widget-container\">\n\t\t\t\t\t<h3 class=\"elementor-heading-title elementor-size-default\">WEB Based AMR Software<\/h3>\t\t\t\t<\/div>\n\t\t\t\t<\/div>\n\t\t\t\t<div class=\"elementor-element elementor-element-a72408a elementor-widget elementor-widget-text-editor\" data-id=\"a72408a\" data-element_type=\"widget\" data-widget_type=\"text-editor.default\">\n\t\t\t\t<div class=\"elementor-widget-container\">\n\t\t\t\t\t\t\t\t\t<p>LUNA Metrum, is WEB based SMART GRID application software that provides remotely managing of smart devices used in electricity distribution.<\/p><p>It is presented to user experience in multiple languages. Easy and secure access is provided through web \/ mobile interfaces with a user name and password specially defined for each user.<br \/>By this application, information such as current, voltage and power values drawn by a single meter or multiple meters can be accessed by assigning tasks over the system. Defined OBIS codes can be used to learn a specific value recorded on the meter and meter index information can be read. The tasks that are wanted to be repeated can be performed automatically by the system by selecting the repetitive type. The energy of the meter can be connected\/disconnected remotely. The system allows assigning more than one energy on\/off task at the same time.<\/p>\t\t\t\t\t\t\t\t<\/div>\n\t\t\t\t<\/div>\n\t\t\t\t\t<\/div>\n\t\t<\/div>\n\t\t\t\t\t<\/div>\n\t\t<\/section>\n\t\t\t\t<section class=\"elementor-section elementor-top-section elementor-element elementor-element-957f80a elementor-section-boxed elementor-section-height-default elementor-section-height-default\" data-id=\"957f80a\" data-element_type=\"section\">\n\t\t\t\t\t\t<div class=\"elementor-container elementor-column-gap-default\">\n\t\t\t\t\t<div class=\"elementor-column elementor-col-100 elementor-top-column elementor-element elementor-element-08d7521\" data-id=\"08d7521\" data-element_type=\"column\">\n\t\t\t<div class=\"elementor-widget-wrap elementor-element-populated\">\n\t\t\t\t\t\t<div class=\"elementor-element elementor-element-cb38a13 elementor-widget elementor-widget-image\" data-id=\"cb38a13\" data-element_type=\"widget\" data-widget_type=\"image.default\">\n\t\t\t\t<div class=\"elementor-widget-container\">\n\t\t\t\t\t\t\t\t\t\t\t\t\t\t\t<img fetchpriority=\"high\" decoding=\"async\" width=\"1400\" height=\"684\" src=\"https:\/\/lunatr.com\/wp-content\/uploads\/2021\/09\/metrum-photo-1.jpg\" class=\"attachment-full size-full wp-image-862\" alt=\"\" srcset=\"https:\/\/lunatr.com\/wp-content\/uploads\/2021\/09\/metrum-photo-1.jpg 1400w, https:\/\/lunatr.com\/wp-content\/uploads\/2021\/09\/metrum-photo-1-600x293.jpg 600w, https:\/\/lunatr.com\/wp-content\/uploads\/2021\/09\/metrum-photo-1-300x147.jpg 300w, https:\/\/lunatr.com\/wp-content\/uploads\/2021\/09\/metrum-photo-1-1024x500.jpg 1024w, https:\/\/lunatr.com\/wp-content\/uploads\/2021\/09\/metrum-photo-1-768x375.jpg 768w\" sizes=\"(max-width: 1400px) 100vw, 1400px\" \/>\t\t\t\t\t\t\t\t\t\t\t\t\t\t\t<\/div>\n\t\t\t\t<\/div>\n\t\t\t\t\t<\/div>\n\t\t<\/div>\n\t\t\t\t\t<\/div>\n\t\t<\/section>\n\t\t\t\t<section class=\"elementor-section elementor-top-section elementor-element elementor-element-106da3e elementor-section-boxed elementor-section-height-default elementor-section-height-default\" data-id=\"106da3e\" data-element_type=\"section\">\n\t\t\t\t\t\t<div class=\"elementor-container elementor-column-gap-default\">\n\t\t\t\t\t<div class=\"elementor-column elementor-col-50 elementor-top-column elementor-element elementor-element-f6c053d\" data-id=\"f6c053d\" data-element_type=\"column\">\n\t\t\t<div class=\"elementor-widget-wrap elementor-element-populated\">\n\t\t\t\t\t\t<div class=\"elementor-element elementor-element-9dd7bf1 elementor-widget elementor-widget-text-editor\" data-id=\"9dd7bf1\" data-element_type=\"widget\" data-widget_type=\"text-editor.default\">\n\t\t\t\t<div class=\"elementor-widget-container\">\n\t\t\t\t\t\t\t\t\t<ul><li>100% WEB based application for remote control of meters, modem and data concentrators<\/li><li>Access, monitor and manage GSM, PLC, RF, LAN, WAN nodes from single application<\/li><li>1,000,000+ meter reading capability<\/li><li>Instant update of live events, notifications, readings<\/li><li>Graphical reporting of meter data<\/li><li>Export meter data into various formats (Excel, PDF, CVS vb.)<\/li><\/ul>\t\t\t\t\t\t\t\t<\/div>\n\t\t\t\t<\/div>\n\t\t\t\t\t<\/div>\n\t\t<\/div>\n\t\t\t\t<div class=\"elementor-column elementor-col-50 elementor-top-column elementor-element elementor-element-fe30de8\" data-id=\"fe30de8\" data-element_type=\"column\">\n\t\t\t<div class=\"elementor-widget-wrap elementor-element-populated\">\n\t\t\t\t\t\t<div class=\"elementor-element elementor-element-04f25c5 elementor-widget elementor-widget-text-editor\" data-id=\"04f25c5\" data-element_type=\"widget\" data-widget_type=\"text-editor.default\">\n\t\t\t\t<div class=\"elementor-widget-container\">\n\t\t\t\t\t\t\t\t\t<ul><li>Multiple language support<\/li><li>Simplicity and power<\/li><li>Vending web services providing integration interfaces with card payment systems<\/li><li>Time-Based Standard and Generic Reports<\/li><li>Fast and Easy Manageability<\/li><li>System state analysis with advanced graphics<\/li><li>Detailed listing and advanced filtering structure<\/li><\/ul>\t\t\t\t\t\t\t\t<\/div>\n\t\t\t\t<\/div>\n\t\t\t\t\t<\/div>\n\t\t<\/div>\n\t\t\t\t\t<\/div>\n\t\t<\/section>\n\t\t\t\t<\/div>\n\t\t","protected":false},"excerpt":{"rendered":"<p>WEB Based AMR Software LUNA Metrum, is WEB based SMART GRID application software that provides remotely managing of smart devices used in electricity distribution. It is presented to user experience in multiple languages. Easy and secure access is provided through web \/ mobile interfaces with a user name and password specially defined for each user. [&hellip;]<\/p>\n","protected":false},"featured_media":1912,"comment_status":"open","ping_status":"closed","template":"","meta":[],"product_brand":[],"product_cat":[122,123],"product_tag":[124],"class_list":{"0":"post-2014","1":"product","2":"type-product","3":"status-publish","4":"has-post-thumbnail","6":"product_cat-headend-system-en","7":"product_cat-software","8":"product_tag-sw-en","10":"first","11":"instock","12":"shipping-taxable","13":"product-type-simple"},"yoast_head":"<!-- This site is optimized with the Yoast SEO plugin v25.3.1 - https:\/\/yoast.com\/wordpress\/plugins\/seo\/ -->\n<title>Luna Metrum - LUNA<\/title>\n<meta name=\"robots\" content=\"index, follow, max-snippet:-1, max-image-preview:large, max-video-preview:-1\" \/>\n<link rel=\"canonical\" href=\"https:\/\/lunatr.com\/en\/product\/luna-metrum\/\" \/>\n<meta property=\"og:locale\" content=\"en_US\" \/>\n<meta property=\"og:type\" content=\"article\" \/>\n<meta property=\"og:title\" content=\"Luna Metrum - LUNA\" \/>\n<meta property=\"og:description\" content=\"WEB Based AMR Software LUNA Metrum, is WEB based SMART GRID application software that provides remotely managing of smart devices used in electricity distribution. It is presented to user experience in multiple languages. Easy and secure access is provided through web \/ mobile interfaces with a user name and password specially defined for each user. [&hellip;]\" \/>\n<meta property=\"og:url\" content=\"https:\/\/lunatr.com\/en\/product\/luna-metrum\/\" \/>\n<meta property=\"og:site_name\" content=\"LUNA\" \/>\n<meta property=\"og:image\" content=\"https:\/\/lunatr.com\/wp-content\/uploads\/2021\/09\/luna-metrun-urun-photo.webp\" \/>\n\t<meta property=\"og:image:width\" content=\"500\" \/>\n\t<meta property=\"og:image:height\" content=\"333\" \/>\n\t<meta property=\"og:image:type\" content=\"image\/jpeg\" \/>\n<meta name=\"twitter:card\" content=\"summary_large_image\" \/>\n<meta name=\"twitter:label1\" content=\"Est. reading time\" \/>\n\t<meta name=\"twitter:data1\" content=\"1 minute\" \/>\n<script type=\"application\/ld+json\" class=\"yoast-schema-graph\">{\"@context\":\"https:\/\/schema.org\",\"@graph\":[{\"@type\":\"WebPage\",\"@id\":\"https:\/\/lunatr.com\/en\/product\/luna-metrum\/\",\"url\":\"https:\/\/lunatr.com\/en\/product\/luna-metrum\/\",\"name\":\"Luna Metrum - LUNA\",\"isPartOf\":{\"@id\":\"https:\/\/lunatr.com\/#website\"},\"primaryImageOfPage\":{\"@id\":\"https:\/\/lunatr.com\/en\/product\/luna-metrum\/#primaryimage\"},\"image\":{\"@id\":\"https:\/\/lunatr.com\/en\/product\/luna-metrum\/#primaryimage\"},\"thumbnailUrl\":\"https:\/\/lunatr.com\/wp-content\/uploads\/2021\/09\/luna-metrun-urun-photo.webp\",\"datePublished\":\"2021-09-20T08:42:52+00:00\",\"breadcrumb\":{\"@id\":\"https:\/\/lunatr.com\/en\/product\/luna-metrum\/#breadcrumb\"},\"inLanguage\":\"en-US\",\"potentialAction\":[{\"@type\":\"ReadAction\",\"target\":[\"https:\/\/lunatr.com\/en\/product\/luna-metrum\/\"]}]},{\"@type\":\"ImageObject\",\"inLanguage\":\"en-US\",\"@id\":\"https:\/\/lunatr.com\/en\/product\/luna-metrum\/#primaryimage\",\"url\":\"https:\/\/lunatr.com\/wp-content\/uploads\/2021\/09\/luna-metrun-urun-photo.webp\",\"contentUrl\":\"https:\/\/lunatr.com\/wp-content\/uploads\/2021\/09\/luna-metrun-urun-photo.webp\",\"width\":500,\"height\":333},{\"@type\":\"BreadcrumbList\",\"@id\":\"https:\/\/lunatr.com\/en\/product\/luna-metrum\/#breadcrumb\",\"itemListElement\":[{\"@type\":\"ListItem\",\"position\":1,\"name\":\"Home\",\"item\":\"https:\/\/lunatr.com\/en\/\"},{\"@type\":\"ListItem\",\"position\":2,\"name\":\"Ma\u011faza\",\"item\":\"https:\/\/lunatr.com\/magaza\/\"},{\"@type\":\"ListItem\",\"position\":3,\"name\":\"Luna Metrum\"}]},{\"@type\":\"WebSite\",\"@id\":\"https:\/\/lunatr.com\/#website\",\"url\":\"https:\/\/lunatr.com\/\",\"name\":\"LUNA\",\"description\":\"Ak\u0131ll\u0131 Su ve Elektrik Saya\u00e7lar\u0131\",\"publisher\":{\"@id\":\"https:\/\/lunatr.com\/#organization\"},\"potentialAction\":[{\"@type\":\"SearchAction\",\"target\":{\"@type\":\"EntryPoint\",\"urlTemplate\":\"https:\/\/lunatr.com\/?s={search_term_string}\"},\"query-input\":{\"@type\":\"PropertyValueSpecification\",\"valueRequired\":true,\"valueName\":\"search_term_string\"}}],\"inLanguage\":\"en-US\"},{\"@type\":\"Organization\",\"@id\":\"https:\/\/lunatr.com\/#organization\",\"name\":\"LUNA\",\"url\":\"https:\/\/lunatr.com\/\",\"logo\":{\"@type\":\"ImageObject\",\"inLanguage\":\"en-US\",\"@id\":\"https:\/\/lunatr.com\/#\/schema\/logo\/image\/\",\"url\":\"http:\/\/lunatr.com\/wp-content\/uploads\/2025\/06\/luna-landis-logo-512.png\",\"contentUrl\":\"http:\/\/lunatr.com\/wp-content\/uploads\/2025\/06\/luna-landis-logo-512.png\",\"width\":512,\"height\":512,\"caption\":\"LUNA\"},\"image\":{\"@id\":\"https:\/\/lunatr.com\/#\/schema\/logo\/image\/\"}}]}<\/script>\n<!-- \/ Yoast SEO plugin. -->","yoast_head_json":{"title":"Luna Metrum - LUNA","robots":{"index":"index","follow":"follow","max-snippet":"max-snippet:-1","max-image-preview":"max-image-preview:large","max-video-preview":"max-video-preview:-1"},"canonical":"https:\/\/lunatr.com\/en\/product\/luna-metrum\/","og_locale":"en_US","og_type":"article","og_title":"Luna Metrum - LUNA","og_description":"WEB Based AMR Software LUNA Metrum, is WEB based SMART GRID application software that provides remotely managing of smart devices used in electricity distribution. It is presented to user experience in multiple languages. Easy and secure access is provided through web \/ mobile interfaces with a user name and password specially defined for each user. [&hellip;]","og_url":"https:\/\/lunatr.com\/en\/product\/luna-metrum\/","og_site_name":"LUNA","og_image":[{"width":500,"height":333,"url":"https:\/\/lunatr.com\/wp-content\/uploads\/2021\/09\/luna-metrun-urun-photo.webp","type":"image\/jpeg"}],"twitter_card":"summary_large_image","twitter_misc":{"Est. reading time":"1 minute"},"schema":{"@context":"https:\/\/schema.org","@graph":[{"@type":"WebPage","@id":"https:\/\/lunatr.com\/en\/product\/luna-metrum\/","url":"https:\/\/lunatr.com\/en\/product\/luna-metrum\/","name":"Luna Metrum - LUNA","isPartOf":{"@id":"https:\/\/lunatr.com\/#website"},"primaryImageOfPage":{"@id":"https:\/\/lunatr.com\/en\/product\/luna-metrum\/#primaryimage"},"image":{"@id":"https:\/\/lunatr.com\/en\/product\/luna-metrum\/#primaryimage"},"thumbnailUrl":"https:\/\/lunatr.com\/wp-content\/uploads\/2021\/09\/luna-metrun-urun-photo.webp","datePublished":"2021-09-20T08:42:52+00:00","breadcrumb":{"@id":"https:\/\/lunatr.com\/en\/product\/luna-metrum\/#breadcrumb"},"inLanguage":"en-US","potentialAction":[{"@type":"ReadAction","target":["https:\/\/lunatr.com\/en\/product\/luna-metrum\/"]}]},{"@type":"ImageObject","inLanguage":"en-US","@id":"https:\/\/lunatr.com\/en\/product\/luna-metrum\/#primaryimage","url":"https:\/\/lunatr.com\/wp-content\/uploads\/2021\/09\/luna-metrun-urun-photo.webp","contentUrl":"https:\/\/lunatr.com\/wp-content\/uploads\/2021\/09\/luna-metrun-urun-photo.webp","width":500,"height":333},{"@type":"BreadcrumbList","@id":"https:\/\/lunatr.com\/en\/product\/luna-metrum\/#breadcrumb","itemListElement":[{"@type":"ListItem","position":1,"name":"Home","item":"https:\/\/lunatr.com\/en\/"},{"@type":"ListItem","position":2,"name":"Ma\u011faza","item":"https:\/\/lunatr.com\/magaza\/"},{"@type":"ListItem","position":3,"name":"Luna Metrum"}]},{"@type":"WebSite","@id":"https:\/\/lunatr.com\/#website","url":"https:\/\/lunatr.com\/","name":"LUNA","description":"Ak\u0131ll\u0131 Su ve Elektrik Saya\u00e7lar\u0131","publisher":{"@id":"https:\/\/lunatr.com\/#organization"},"potentialAction":[{"@type":"SearchAction","target":{"@type":"EntryPoint","urlTemplate":"https:\/\/lunatr.com\/?s={search_term_string}"},"query-input":{"@type":"PropertyValueSpecification","valueRequired":true,"valueName":"search_term_string"}}],"inLanguage":"en-US"},{"@type":"Organization","@id":"https:\/\/lunatr.com\/#organization","name":"LUNA","url":"https:\/\/lunatr.com\/","logo":{"@type":"ImageObject","inLanguage":"en-US","@id":"https:\/\/lunatr.com\/#\/schema\/logo\/image\/","url":"http:\/\/lunatr.com\/wp-content\/uploads\/2025\/06\/luna-landis-logo-512.png","contentUrl":"http:\/\/lunatr.com\/wp-content\/uploads\/2025\/06\/luna-landis-logo-512.png","width":512,"height":512,"caption":"LUNA"},"image":{"@id":"https:\/\/lunatr.com\/#\/schema\/logo\/image\/"}}]}},"_links":{"self":[{"href":"https:\/\/lunatr.com\/en\/wp-json\/wp\/v2\/product\/2014","targetHints":{"allow":["GET"]}}],"collection":[{"href":"https:\/\/lunatr.com\/en\/wp-json\/wp\/v2\/product"}],"about":[{"href":"https:\/\/lunatr.com\/en\/wp-json\/wp\/v2\/types\/product"}],"replies":[{"embeddable":true,"href":"https:\/\/lunatr.com\/en\/wp-json\/wp\/v2\/comments?post=2014"}],"version-history":[{"count":0,"href":"https:\/\/lunatr.com\/en\/wp-json\/wp\/v2\/product\/2014\/revisions"}],"wp:featuredmedia":[{"embeddable":true,"href":"https:\/\/lunatr.com\/en\/wp-json\/wp\/v2\/media\/1912"}],"wp:attachment":[{"href":"https:\/\/lunatr.com\/en\/wp-json\/wp\/v2\/media?parent=2014"}],"wp:term":[{"taxonomy":"product_brand","embeddable":true,"href":"https:\/\/lunatr.com\/en\/wp-json\/wp\/v2\/product_brand?post=2014"},{"taxonomy":"product_cat","embeddable":true,"href":"https:\/\/lunatr.com\/en\/wp-json\/wp\/v2\/product_cat?post=2014"},{"taxonomy":"product_tag","embeddable":true,"href":"https:\/\/lunatr.com\/en\/wp-json\/wp\/v2\/product_tag?post=2014"}],"curies":[{"name":"wp","href":"https:\/\/api.w.org\/{rel}","templated":true}]}}