{"id":2015,"date":"2021-09-20T08:01:25","date_gmt":"2021-09-20T08:01:25","guid":{"rendered":"https:\/\/lunatr.com\/urun\/luna-mps\/"},"modified":"2021-09-20T08:01:25","modified_gmt":"2021-09-20T08:01:25","slug":"luna-mps","status":"publish","type":"product","link":"https:\/\/lunatr.com\/en\/product\/luna-mps\/","title":{"rendered":"Luna MPS"},"content":{"rendered":"\t\t<div data-elementor-type=\"product-post\" data-elementor-id=\"2015\" class=\"elementor elementor-2015 elementor-824\" data-elementor-post-type=\"product\">\n\t\t\t\t\t\t<section class=\"elementor-section elementor-top-section elementor-element elementor-element-a59b506 elementor-section-boxed elementor-section-height-default elementor-section-height-default\" data-id=\"a59b506\" data-element_type=\"section\">\n\t\t\t\t\t\t<div class=\"elementor-container elementor-column-gap-default\">\n\t\t\t\t\t<div class=\"elementor-column elementor-col-100 elementor-top-column elementor-element elementor-element-a53d3ff\" data-id=\"a53d3ff\" data-element_type=\"column\">\n\t\t\t<div class=\"elementor-widget-wrap elementor-element-populated\">\n\t\t\t\t\t\t<div class=\"elementor-element elementor-element-137b56e elementor-widget elementor-widget-heading\" data-id=\"137b56e\" data-element_type=\"widget\" data-widget_type=\"heading.default\">\n\t\t\t\t<div class=\"elementor-widget-container\">\n\t\t\t\t\t<h3 class=\"elementor-heading-title elementor-size-default\">Prepayment Mobile App<\/h3>\t\t\t\t<\/div>\n\t\t\t\t<\/div>\n\t\t\t\t<div class=\"elementor-element elementor-element-a72408a elementor-widget elementor-widget-text-editor\" data-id=\"a72408a\" data-element_type=\"widget\" data-widget_type=\"text-editor.default\">\n\t\t\t\t<div class=\"elementor-widget-container\">\n\t\t\t\t\t\t\t\t\t<p>Prepayment mobile application is a multi-platform new generation mobile application that enables prepayment and tracking of smart<br \/>devices used in electricity distribution.<br \/>By this application, it is possible to track the index and consumption of prepaid smart meters. The meter can be loaded via multiple<br \/>payment options. With the membership system, user information is securely stored. Information such as the payment status, the loading<br \/>status of the payment to the meter and the remaining credit amount can be sent as a notification to inform the user. In addition, the<br \/>application allows to reach all users at the same time through bulk notification.<\/p>\t\t\t\t\t\t\t\t<\/div>\n\t\t\t\t<\/div>\n\t\t\t\t\t<\/div>\n\t\t<\/div>\n\t\t\t\t\t<\/div>\n\t\t<\/section>\n\t\t\t\t<section class=\"elementor-section elementor-top-section elementor-element elementor-element-ad2abc3 elementor-section-boxed elementor-section-height-default elementor-section-height-default\" data-id=\"ad2abc3\" data-element_type=\"section\">\n\t\t\t\t\t\t<div class=\"elementor-container elementor-column-gap-default\">\n\t\t\t\t\t<div class=\"elementor-column elementor-col-50 elementor-top-column elementor-element elementor-element-f4ad3b6\" data-id=\"f4ad3b6\" data-element_type=\"column\">\n\t\t\t<div class=\"elementor-widget-wrap elementor-element-populated\">\n\t\t\t\t\t\t<section class=\"elementor-section elementor-inner-section elementor-element elementor-element-ea7091f elementor-section-boxed elementor-section-height-default elementor-section-height-default\" data-id=\"ea7091f\" data-element_type=\"section\">\n\t\t\t\t\t\t<div class=\"elementor-container elementor-column-gap-default\">\n\t\t\t\t\t<div class=\"elementor-column elementor-col-33 elementor-inner-column elementor-element elementor-element-a3890d5\" data-id=\"a3890d5\" data-element_type=\"column\">\n\t\t\t<div class=\"elementor-widget-wrap elementor-element-populated\">\n\t\t\t\t\t\t<div class=\"elementor-element elementor-element-92e7176 elementor-widget elementor-widget-image\" data-id=\"92e7176\" data-element_type=\"widget\" data-widget_type=\"image.default\">\n\t\t\t\t<div class=\"elementor-widget-container\">\n\t\t\t\t\t\t\t\t\t\t\t\t\t\t\t<img fetchpriority=\"high\" decoding=\"async\" width=\"600\" height=\"690\" src=\"https:\/\/lunatr.com\/wp-content\/uploads\/2021\/09\/prepayment-mobile-app-photo-1-greybg.jpg\" class=\"attachment-full size-full wp-image-829\" alt=\"\" srcset=\"https:\/\/lunatr.com\/wp-content\/uploads\/2021\/09\/prepayment-mobile-app-photo-1-greybg.jpg 600w, https:\/\/lunatr.com\/wp-content\/uploads\/2021\/09\/prepayment-mobile-app-photo-1-greybg-261x300.jpg 261w\" sizes=\"(max-width: 600px) 100vw, 600px\" \/>\t\t\t\t\t\t\t\t\t\t\t\t\t\t\t<\/div>\n\t\t\t\t<\/div>\n\t\t\t\t<div class=\"elementor-element elementor-element-a37c822 elementor-widget elementor-widget-heading\" data-id=\"a37c822\" data-element_type=\"widget\" data-widget_type=\"heading.default\">\n\t\t\t\t<div class=\"elementor-widget-container\">\n\t\t\t\t\t<span class=\"elementor-heading-title elementor-size-default\">Create an account<\/span>\t\t\t\t<\/div>\n\t\t\t\t<\/div>\n\t\t\t\t\t<\/div>\n\t\t<\/div>\n\t\t\t\t<div class=\"elementor-column elementor-col-33 elementor-inner-column elementor-element elementor-element-b47ee7c\" data-id=\"b47ee7c\" data-element_type=\"column\">\n\t\t\t<div class=\"elementor-widget-wrap elementor-element-populated\">\n\t\t\t\t\t\t<div class=\"elementor-element elementor-element-c6d49bf elementor-widget elementor-widget-heading\" data-id=\"c6d49bf\" data-element_type=\"widget\" data-widget_type=\"heading.default\">\n\t\t\t\t<div class=\"elementor-widget-container\">\n\t\t\t\t\t<span class=\"elementor-heading-title elementor-size-default\">Manage your account<\/span>\t\t\t\t<\/div>\n\t\t\t\t<\/div>\n\t\t\t\t<div class=\"elementor-element elementor-element-93fbffd elementor-widget elementor-widget-image\" data-id=\"93fbffd\" data-element_type=\"widget\" data-widget_type=\"image.default\">\n\t\t\t\t<div class=\"elementor-widget-container\">\n\t\t\t\t\t\t\t\t\t\t\t\t\t\t\t<img decoding=\"async\" width=\"600\" height=\"690\" src=\"https:\/\/lunatr.com\/wp-content\/uploads\/2021\/09\/prepayment-mobile-app-photo-2-greybg.jpg\" class=\"attachment-full size-full wp-image-830\" alt=\"\" srcset=\"https:\/\/lunatr.com\/wp-content\/uploads\/2021\/09\/prepayment-mobile-app-photo-2-greybg.jpg 600w, https:\/\/lunatr.com\/wp-content\/uploads\/2021\/09\/prepayment-mobile-app-photo-2-greybg-261x300.jpg 261w\" sizes=\"(max-width: 600px) 100vw, 600px\" \/>\t\t\t\t\t\t\t\t\t\t\t\t\t\t\t<\/div>\n\t\t\t\t<\/div>\n\t\t\t\t\t<\/div>\n\t\t<\/div>\n\t\t\t\t<div class=\"elementor-column elementor-col-33 elementor-inner-column elementor-element elementor-element-1cc4f44\" data-id=\"1cc4f44\" data-element_type=\"column\">\n\t\t\t<div class=\"elementor-widget-wrap elementor-element-populated\">\n\t\t\t\t\t\t<div class=\"elementor-element elementor-element-39f5c1e elementor-widget elementor-widget-image\" data-id=\"39f5c1e\" data-element_type=\"widget\" data-widget_type=\"image.default\">\n\t\t\t\t<div class=\"elementor-widget-container\">\n\t\t\t\t\t\t\t\t\t\t\t\t\t\t\t<img decoding=\"async\" width=\"600\" height=\"690\" src=\"https:\/\/lunatr.com\/wp-content\/uploads\/2021\/09\/prepayment-mobile-app-photo-3-greybg.jpg\" class=\"attachment-full size-full wp-image-834\" alt=\"\" srcset=\"https:\/\/lunatr.com\/wp-content\/uploads\/2021\/09\/prepayment-mobile-app-photo-3-greybg.jpg 600w, https:\/\/lunatr.com\/wp-content\/uploads\/2021\/09\/prepayment-mobile-app-photo-3-greybg-261x300.jpg 261w\" sizes=\"(max-width: 600px) 100vw, 600px\" \/>\t\t\t\t\t\t\t\t\t\t\t\t\t\t\t<\/div>\n\t\t\t\t<\/div>\n\t\t\t\t<div class=\"elementor-element elementor-element-513a65c elementor-widget elementor-widget-heading\" data-id=\"513a65c\" data-element_type=\"widget\" data-widget_type=\"heading.default\">\n\t\t\t\t<div class=\"elementor-widget-container\">\n\t\t\t\t\t<span class=\"elementor-heading-title elementor-size-default\">Recharge by Credit Card or Paypal<\/span>\t\t\t\t<\/div>\n\t\t\t\t<\/div>\n\t\t\t\t\t<\/div>\n\t\t<\/div>\n\t\t\t\t\t<\/div>\n\t\t<\/section>\n\t\t\t\t\t<\/div>\n\t\t<\/div>\n\t\t\t\t<div class=\"elementor-column elementor-col-50 elementor-top-column elementor-element elementor-element-2751383\" data-id=\"2751383\" data-element_type=\"column\">\n\t\t\t<div class=\"elementor-widget-wrap elementor-element-populated\">\n\t\t\t\t\t\t<section class=\"elementor-section elementor-inner-section elementor-element elementor-element-c453014 elementor-section-boxed elementor-section-height-default elementor-section-height-default\" data-id=\"c453014\" data-element_type=\"section\">\n\t\t\t\t\t\t<div class=\"elementor-container elementor-column-gap-default\">\n\t\t\t\t\t<div class=\"elementor-column elementor-col-33 elementor-inner-column elementor-element elementor-element-7da4906\" data-id=\"7da4906\" data-element_type=\"column\">\n\t\t\t<div class=\"elementor-widget-wrap elementor-element-populated\">\n\t\t\t\t\t\t<div class=\"elementor-element elementor-element-46f1934 elementor-widget elementor-widget-heading\" data-id=\"46f1934\" data-element_type=\"widget\" data-widget_type=\"heading.default\">\n\t\t\t\t<div class=\"elementor-widget-container\">\n\t\t\t\t\t<span class=\"elementor-heading-title elementor-size-default\">View your payment history<\/span>\t\t\t\t<\/div>\n\t\t\t\t<\/div>\n\t\t\t\t<div class=\"elementor-element elementor-element-16a089c elementor-widget elementor-widget-image\" data-id=\"16a089c\" data-element_type=\"widget\" data-widget_type=\"image.default\">\n\t\t\t\t<div class=\"elementor-widget-container\">\n\t\t\t\t\t\t\t\t\t\t\t\t\t\t\t<img loading=\"lazy\" decoding=\"async\" width=\"600\" height=\"690\" src=\"https:\/\/lunatr.com\/wp-content\/uploads\/2021\/09\/prepayment-mobile-app-photo-4-greybg.jpg\" class=\"attachment-full size-full wp-image-835\" alt=\"\" srcset=\"https:\/\/lunatr.com\/wp-content\/uploads\/2021\/09\/prepayment-mobile-app-photo-4-greybg.jpg 600w, https:\/\/lunatr.com\/wp-content\/uploads\/2021\/09\/prepayment-mobile-app-photo-4-greybg-261x300.jpg 261w\" sizes=\"(max-width: 600px) 100vw, 600px\" \/>\t\t\t\t\t\t\t\t\t\t\t\t\t\t\t<\/div>\n\t\t\t\t<\/div>\n\t\t\t\t\t<\/div>\n\t\t<\/div>\n\t\t\t\t<div class=\"elementor-column elementor-col-33 elementor-inner-column elementor-element elementor-element-d8d6947\" data-id=\"d8d6947\" data-element_type=\"column\">\n\t\t\t<div class=\"elementor-widget-wrap elementor-element-populated\">\n\t\t\t\t\t\t<div class=\"elementor-element elementor-element-99cd43c elementor-widget elementor-widget-image\" data-id=\"99cd43c\" data-element_type=\"widget\" data-widget_type=\"image.default\">\n\t\t\t\t<div class=\"elementor-widget-container\">\n\t\t\t\t\t\t\t\t\t\t\t\t\t\t\t<img loading=\"lazy\" decoding=\"async\" width=\"600\" height=\"690\" src=\"https:\/\/lunatr.com\/wp-content\/uploads\/2021\/09\/prepayment-mobile-app-photo-5-greybg.jpg\" class=\"attachment-full size-full wp-image-836\" alt=\"\" srcset=\"https:\/\/lunatr.com\/wp-content\/uploads\/2021\/09\/prepayment-mobile-app-photo-5-greybg.jpg 600w, https:\/\/lunatr.com\/wp-content\/uploads\/2021\/09\/prepayment-mobile-app-photo-5-greybg-261x300.jpg 261w\" sizes=\"(max-width: 600px) 100vw, 600px\" \/>\t\t\t\t\t\t\t\t\t\t\t\t\t\t\t<\/div>\n\t\t\t\t<\/div>\n\t\t\t\t<div class=\"elementor-element elementor-element-380a56c elementor-widget elementor-widget-heading\" data-id=\"380a56c\" data-element_type=\"widget\" data-widget_type=\"heading.default\">\n\t\t\t\t<div class=\"elementor-widget-container\">\n\t\t\t\t\t<span class=\"elementor-heading-title elementor-size-default\">View your smart meter usage chart<\/span>\t\t\t\t<\/div>\n\t\t\t\t<\/div>\n\t\t\t\t\t<\/div>\n\t\t<\/div>\n\t\t\t\t<div class=\"elementor-column elementor-col-33 elementor-inner-column elementor-element elementor-element-bfddb58\" data-id=\"bfddb58\" data-element_type=\"column\">\n\t\t\t<div class=\"elementor-widget-wrap elementor-element-populated\">\n\t\t\t\t\t\t<div class=\"elementor-element elementor-element-3f2e4b3 elementor-widget elementor-widget-heading\" data-id=\"3f2e4b3\" data-element_type=\"widget\" data-widget_type=\"heading.default\">\n\t\t\t\t<div class=\"elementor-widget-container\">\n\t\t\t\t\t<span class=\"elementor-heading-title elementor-size-default\">Edit your profile and set your preferences<\/span>\t\t\t\t<\/div>\n\t\t\t\t<\/div>\n\t\t\t\t<div class=\"elementor-element elementor-element-3bc928b elementor-widget elementor-widget-image\" data-id=\"3bc928b\" data-element_type=\"widget\" data-widget_type=\"image.default\">\n\t\t\t\t<div class=\"elementor-widget-container\">\n\t\t\t\t\t\t\t\t\t\t\t\t\t\t\t<img loading=\"lazy\" decoding=\"async\" width=\"600\" height=\"690\" src=\"https:\/\/lunatr.com\/wp-content\/uploads\/2021\/09\/prepayment-mobile-app-photo-6-greybg.jpg\" class=\"attachment-full size-full wp-image-837\" alt=\"\" srcset=\"https:\/\/lunatr.com\/wp-content\/uploads\/2021\/09\/prepayment-mobile-app-photo-6-greybg.jpg 600w, https:\/\/lunatr.com\/wp-content\/uploads\/2021\/09\/prepayment-mobile-app-photo-6-greybg-261x300.jpg 261w\" sizes=\"(max-width: 600px) 100vw, 600px\" \/>\t\t\t\t\t\t\t\t\t\t\t\t\t\t\t<\/div>\n\t\t\t\t<\/div>\n\t\t\t\t\t<\/div>\n\t\t<\/div>\n\t\t\t\t\t<\/div>\n\t\t<\/section>\n\t\t\t\t\t<\/div>\n\t\t<\/div>\n\t\t\t\t\t<\/div>\n\t\t<\/section>\n\t\t\t\t<section class=\"elementor-section elementor-top-section elementor-element elementor-element-957f80a elementor-section-boxed elementor-section-height-default elementor-section-height-default\" data-id=\"957f80a\" data-element_type=\"section\">\n\t\t\t\t\t\t<div class=\"elementor-container elementor-column-gap-default\">\n\t\t\t\t\t<div class=\"elementor-column elementor-col-50 elementor-top-column elementor-element elementor-element-08d7521\" data-id=\"08d7521\" data-element_type=\"column\">\n\t\t\t<div class=\"elementor-widget-wrap elementor-element-populated\">\n\t\t\t\t\t\t<div class=\"elementor-element elementor-element-4436524 elementor-widget elementor-widget-text-editor\" data-id=\"4436524\" data-element_type=\"widget\" data-widget_type=\"text-editor.default\">\n\t\t\t\t<div class=\"elementor-widget-container\">\n\t\t\t\t\t\t\t\t\t<ul><li>Remote meter monitoring<\/li><li>Private notifications and bulk notifications<\/li><li>Remote secure payment system<\/li><li>Index and consumption tracking with advanced graphic interfaces<\/li><li>Multiple payment options<\/li><\/ul>\t\t\t\t\t\t\t\t<\/div>\n\t\t\t\t<\/div>\n\t\t\t\t\t<\/div>\n\t\t<\/div>\n\t\t\t\t<div class=\"elementor-column elementor-col-50 elementor-top-column elementor-element elementor-element-0cff2f7\" data-id=\"0cff2f7\" data-element_type=\"column\">\n\t\t\t<div class=\"elementor-widget-wrap elementor-element-populated\">\n\t\t\t\t\t\t<div class=\"elementor-element elementor-element-9e13b66 elementor-widget elementor-widget-text-editor\" data-id=\"9e13b66\" data-element_type=\"widget\" data-widget_type=\"text-editor.default\">\n\t\t\t\t<div class=\"elementor-widget-container\">\n\t\t\t\t\t\t\t\t\t<ul><li>Android and IOS (iPhone and iPad) platform support<\/li><li>User friendly interface<\/li><li>Multiple meter tracking at the same time<\/li><li>Viewing the user\u2019s past payment information and details<\/li><\/ul>\t\t\t\t\t\t\t\t<\/div>\n\t\t\t\t<\/div>\n\t\t\t\t\t<\/div>\n\t\t<\/div>\n\t\t\t\t\t<\/div>\n\t\t<\/section>\n\t\t\t\t<\/div>\n\t\t","protected":false},"excerpt":{"rendered":"<p>Prepayment Mobile App Prepayment mobile application is a multi-platform new generation mobile application that enables prepayment and tracking of smartdevices used in electricity distribution.By this application, it is possible to track the index and consumption of prepaid smart meters. The meter can be loaded via multiplepayment options. With the membership system, user information is securely [&hellip;]<\/p>\n","protected":false},"featured_media":1739,"comment_status":"open","ping_status":"closed","template":"","meta":[],"product_brand":[],"product_cat":[125,123],"product_tag":[124],"class_list":{"0":"post-2015","1":"product","2":"type-product","3":"status-publish","4":"has-post-thumbnail","6":"product_cat-mobile","7":"product_cat-software","8":"product_tag-sw-en","10":"first","11":"instock","12":"shipping-taxable","13":"product-type-simple"},"yoast_head":"<!-- This site is optimized with the Yoast SEO plugin v25.3.1 - https:\/\/yoast.com\/wordpress\/plugins\/seo\/ -->\n<title>Luna MPS - LUNA<\/title>\n<meta name=\"robots\" content=\"index, follow, max-snippet:-1, max-image-preview:large, max-video-preview:-1\" \/>\n<link rel=\"canonical\" href=\"https:\/\/lunatr.com\/en\/product\/luna-mps\/\" \/>\n<meta property=\"og:locale\" content=\"en_US\" \/>\n<meta property=\"og:type\" content=\"article\" \/>\n<meta property=\"og:title\" content=\"Luna MPS - LUNA\" \/>\n<meta property=\"og:description\" content=\"Prepayment Mobile App Prepayment mobile application is a multi-platform new generation mobile application that enables prepayment and tracking of smartdevices used in electricity distribution.By this application, it is possible to track the index and consumption of prepaid smart meters. The meter can be loaded via multiplepayment options. With the membership system, user information is securely [&hellip;]\" \/>\n<meta property=\"og:url\" content=\"https:\/\/lunatr.com\/en\/product\/luna-mps\/\" \/>\n<meta property=\"og:site_name\" content=\"LUNA\" \/>\n<meta property=\"og:image\" content=\"https:\/\/lunatr.com\/wp-content\/uploads\/2021\/09\/prepayment-mobile-app-featured-web.jpg\" \/>\n\t<meta property=\"og:image:width\" content=\"800\" \/>\n\t<meta property=\"og:image:height\" content=\"800\" \/>\n\t<meta property=\"og:image:type\" content=\"image\/jpeg\" \/>\n<meta name=\"twitter:card\" content=\"summary_large_image\" \/>\n<meta name=\"twitter:label1\" content=\"Est. reading time\" \/>\n\t<meta name=\"twitter:data1\" content=\"1 minute\" \/>\n<script type=\"application\/ld+json\" class=\"yoast-schema-graph\">{\"@context\":\"https:\/\/schema.org\",\"@graph\":[{\"@type\":\"WebPage\",\"@id\":\"https:\/\/lunatr.com\/en\/product\/luna-mps\/\",\"url\":\"https:\/\/lunatr.com\/en\/product\/luna-mps\/\",\"name\":\"Luna MPS - LUNA\",\"isPartOf\":{\"@id\":\"https:\/\/lunatr.com\/#website\"},\"primaryImageOfPage\":{\"@id\":\"https:\/\/lunatr.com\/en\/product\/luna-mps\/#primaryimage\"},\"image\":{\"@id\":\"https:\/\/lunatr.com\/en\/product\/luna-mps\/#primaryimage\"},\"thumbnailUrl\":\"https:\/\/lunatr.com\/wp-content\/uploads\/2021\/09\/prepayment-mobile-app-featured-web.jpg\",\"datePublished\":\"2021-09-20T08:01:25+00:00\",\"breadcrumb\":{\"@id\":\"https:\/\/lunatr.com\/en\/product\/luna-mps\/#breadcrumb\"},\"inLanguage\":\"en-US\",\"potentialAction\":[{\"@type\":\"ReadAction\",\"target\":[\"https:\/\/lunatr.com\/en\/product\/luna-mps\/\"]}]},{\"@type\":\"ImageObject\",\"inLanguage\":\"en-US\",\"@id\":\"https:\/\/lunatr.com\/en\/product\/luna-mps\/#primaryimage\",\"url\":\"https:\/\/lunatr.com\/wp-content\/uploads\/2021\/09\/prepayment-mobile-app-featured-web.jpg\",\"contentUrl\":\"https:\/\/lunatr.com\/wp-content\/uploads\/2021\/09\/prepayment-mobile-app-featured-web.jpg\",\"width\":800,\"height\":800},{\"@type\":\"BreadcrumbList\",\"@id\":\"https:\/\/lunatr.com\/en\/product\/luna-mps\/#breadcrumb\",\"itemListElement\":[{\"@type\":\"ListItem\",\"position\":1,\"name\":\"Home\",\"item\":\"https:\/\/lunatr.com\/en\/\"},{\"@type\":\"ListItem\",\"position\":2,\"name\":\"Ma\u011faza\",\"item\":\"https:\/\/lunatr.com\/magaza\/\"},{\"@type\":\"ListItem\",\"position\":3,\"name\":\"Luna MPS\"}]},{\"@type\":\"WebSite\",\"@id\":\"https:\/\/lunatr.com\/#website\",\"url\":\"https:\/\/lunatr.com\/\",\"name\":\"LUNA\",\"description\":\"Ak\u0131ll\u0131 Su ve Elektrik Saya\u00e7lar\u0131\",\"publisher\":{\"@id\":\"https:\/\/lunatr.com\/#organization\"},\"potentialAction\":[{\"@type\":\"SearchAction\",\"target\":{\"@type\":\"EntryPoint\",\"urlTemplate\":\"https:\/\/lunatr.com\/?s={search_term_string}\"},\"query-input\":{\"@type\":\"PropertyValueSpecification\",\"valueRequired\":true,\"valueName\":\"search_term_string\"}}],\"inLanguage\":\"en-US\"},{\"@type\":\"Organization\",\"@id\":\"https:\/\/lunatr.com\/#organization\",\"name\":\"LUNA\",\"url\":\"https:\/\/lunatr.com\/\",\"logo\":{\"@type\":\"ImageObject\",\"inLanguage\":\"en-US\",\"@id\":\"https:\/\/lunatr.com\/#\/schema\/logo\/image\/\",\"url\":\"http:\/\/lunatr.com\/wp-content\/uploads\/2025\/06\/luna-landis-logo-512.png\",\"contentUrl\":\"http:\/\/lunatr.com\/wp-content\/uploads\/2025\/06\/luna-landis-logo-512.png\",\"width\":512,\"height\":512,\"caption\":\"LUNA\"},\"image\":{\"@id\":\"https:\/\/lunatr.com\/#\/schema\/logo\/image\/\"}}]}<\/script>\n<!-- \/ Yoast SEO plugin. -->","yoast_head_json":{"title":"Luna MPS - LUNA","robots":{"index":"index","follow":"follow","max-snippet":"max-snippet:-1","max-image-preview":"max-image-preview:large","max-video-preview":"max-video-preview:-1"},"canonical":"https:\/\/lunatr.com\/en\/product\/luna-mps\/","og_locale":"en_US","og_type":"article","og_title":"Luna MPS - LUNA","og_description":"Prepayment Mobile App Prepayment mobile application is a multi-platform new generation mobile application that enables prepayment and tracking of smartdevices used in electricity distribution.By this application, it is possible to track the index and consumption of prepaid smart meters. The meter can be loaded via multiplepayment options. With the membership system, user information is securely [&hellip;]","og_url":"https:\/\/lunatr.com\/en\/product\/luna-mps\/","og_site_name":"LUNA","og_image":[{"width":800,"height":800,"url":"https:\/\/lunatr.com\/wp-content\/uploads\/2021\/09\/prepayment-mobile-app-featured-web.jpg","type":"image\/jpeg"}],"twitter_card":"summary_large_image","twitter_misc":{"Est. reading time":"1 minute"},"schema":{"@context":"https:\/\/schema.org","@graph":[{"@type":"WebPage","@id":"https:\/\/lunatr.com\/en\/product\/luna-mps\/","url":"https:\/\/lunatr.com\/en\/product\/luna-mps\/","name":"Luna MPS - LUNA","isPartOf":{"@id":"https:\/\/lunatr.com\/#website"},"primaryImageOfPage":{"@id":"https:\/\/lunatr.com\/en\/product\/luna-mps\/#primaryimage"},"image":{"@id":"https:\/\/lunatr.com\/en\/product\/luna-mps\/#primaryimage"},"thumbnailUrl":"https:\/\/lunatr.com\/wp-content\/uploads\/2021\/09\/prepayment-mobile-app-featured-web.jpg","datePublished":"2021-09-20T08:01:25+00:00","breadcrumb":{"@id":"https:\/\/lunatr.com\/en\/product\/luna-mps\/#breadcrumb"},"inLanguage":"en-US","potentialAction":[{"@type":"ReadAction","target":["https:\/\/lunatr.com\/en\/product\/luna-mps\/"]}]},{"@type":"ImageObject","inLanguage":"en-US","@id":"https:\/\/lunatr.com\/en\/product\/luna-mps\/#primaryimage","url":"https:\/\/lunatr.com\/wp-content\/uploads\/2021\/09\/prepayment-mobile-app-featured-web.jpg","contentUrl":"https:\/\/lunatr.com\/wp-content\/uploads\/2021\/09\/prepayment-mobile-app-featured-web.jpg","width":800,"height":800},{"@type":"BreadcrumbList","@id":"https:\/\/lunatr.com\/en\/product\/luna-mps\/#breadcrumb","itemListElement":[{"@type":"ListItem","position":1,"name":"Home","item":"https:\/\/lunatr.com\/en\/"},{"@type":"ListItem","position":2,"name":"Ma\u011faza","item":"https:\/\/lunatr.com\/magaza\/"},{"@type":"ListItem","position":3,"name":"Luna MPS"}]},{"@type":"WebSite","@id":"https:\/\/lunatr.com\/#website","url":"https:\/\/lunatr.com\/","name":"LUNA","description":"Ak\u0131ll\u0131 Su ve Elektrik Saya\u00e7lar\u0131","publisher":{"@id":"https:\/\/lunatr.com\/#organization"},"potentialAction":[{"@type":"SearchAction","target":{"@type":"EntryPoint","urlTemplate":"https:\/\/lunatr.com\/?s={search_term_string}"},"query-input":{"@type":"PropertyValueSpecification","valueRequired":true,"valueName":"search_term_string"}}],"inLanguage":"en-US"},{"@type":"Organization","@id":"https:\/\/lunatr.com\/#organization","name":"LUNA","url":"https:\/\/lunatr.com\/","logo":{"@type":"ImageObject","inLanguage":"en-US","@id":"https:\/\/lunatr.com\/#\/schema\/logo\/image\/","url":"http:\/\/lunatr.com\/wp-content\/uploads\/2025\/06\/luna-landis-logo-512.png","contentUrl":"http:\/\/lunatr.com\/wp-content\/uploads\/2025\/06\/luna-landis-logo-512.png","width":512,"height":512,"caption":"LUNA"},"image":{"@id":"https:\/\/lunatr.com\/#\/schema\/logo\/image\/"}}]}},"_links":{"self":[{"href":"https:\/\/lunatr.com\/en\/wp-json\/wp\/v2\/product\/2015","targetHints":{"allow":["GET"]}}],"collection":[{"href":"https:\/\/lunatr.com\/en\/wp-json\/wp\/v2\/product"}],"about":[{"href":"https:\/\/lunatr.com\/en\/wp-json\/wp\/v2\/types\/product"}],"replies":[{"embeddable":true,"href":"https:\/\/lunatr.com\/en\/wp-json\/wp\/v2\/comments?post=2015"}],"version-history":[{"count":0,"href":"https:\/\/lunatr.com\/en\/wp-json\/wp\/v2\/product\/2015\/revisions"}],"wp:featuredmedia":[{"embeddable":true,"href":"https:\/\/lunatr.com\/en\/wp-json\/wp\/v2\/media\/1739"}],"wp:attachment":[{"href":"https:\/\/lunatr.com\/en\/wp-json\/wp\/v2\/media?parent=2015"}],"wp:term":[{"taxonomy":"product_brand","embeddable":true,"href":"https:\/\/lunatr.com\/en\/wp-json\/wp\/v2\/product_brand?post=2015"},{"taxonomy":"product_cat","embeddable":true,"href":"https:\/\/lunatr.com\/en\/wp-json\/wp\/v2\/product_cat?post=2015"},{"taxonomy":"product_tag","embeddable":true,"href":"https:\/\/lunatr.com\/en\/wp-json\/wp\/v2\/product_tag?post=2015"}],"curies":[{"name":"wp","href":"https:\/\/api.w.org\/{rel}","templated":true}]}}